{"id":495278,"date":"2025-01-24T01:06:55","date_gmt":"2025-01-24T00:06:55","guid":{"rendered":"https:\/\/shop.kustom.ch\/?post_type=product&#038;p=495278"},"modified":"2026-03-31T13:17:41","modified_gmt":"2026-03-31T12:17:41","slug":"weston","status":"publish","type":"product","link":"https:\/\/shop.kustom.ch\/en\/product\/weston\/","title":{"rendered":"Weston"},"content":{"rendered":"<p>Lined, warming waistcoat with reflective stripes and zip puller. Two side pockets and one inside pocket with zip fasteners.<\/p>\n<p>Material: 100% polyester, 240T pongee, AC coating<\/p>","protected":false},"excerpt":{"rendered":"<p>Gef\u00fctterte, w\u00e4rmende Weste mit reflektierenden Streifen und Zip Puller. Zwei Seitentaschen und eine Innentasche mit Reissverschl\u00fcssen. Material: 100% Polyester, 240T Pongee, AC Beschichtung<\/p>","protected":false},"featured_media":495304,"template":"","meta":[],"product_brand":[],"product_cat":[4208],"product_tag":[],"class_list":{"0":"post-495278","1":"product","2":"type-product","3":"status-publish","4":"has-post-thumbnail","6":"product_cat-westen","7":"pa_brand-clique","8":"pa_brand-type-sportswear","9":"pa_filter-color-blau","10":"pa_filter-color-schwarz","12":"first","13":"instock","14":"sale","15":"taxable","16":"shipping-taxable","17":"purchasable","18":"product-type-variable","19":"add-to-wishlist-before_image"},"exclude_global_add_ons":[],"addons":[],"acf":[],"_links":{"self":[{"href":"https:\/\/shop.kustom.ch\/en\/wp-json\/wp\/v2\/product\/495278"}],"collection":[{"href":"https:\/\/shop.kustom.ch\/en\/wp-json\/wp\/v2\/product"}],"about":[{"href":"https:\/\/shop.kustom.ch\/en\/wp-json\/wp\/v2\/types\/product"}],"wp:featuredmedia":[{"embeddable":true,"href":"https:\/\/shop.kustom.ch\/en\/wp-json\/wp\/v2\/media\/495304"}],"wp:attachment":[{"href":"https:\/\/shop.kustom.ch\/en\/wp-json\/wp\/v2\/media?parent=495278"}],"wp:term":[{"taxonomy":"product_brand","embeddable":true,"href":"https:\/\/shop.kustom.ch\/en\/wp-json\/wp\/v2\/product_brand?post=495278"},{"taxonomy":"product_cat","embeddable":true,"href":"https:\/\/shop.kustom.ch\/en\/wp-json\/wp\/v2\/product_cat?post=495278"},{"taxonomy":"product_tag","embeddable":true,"href":"https:\/\/shop.kustom.ch\/en\/wp-json\/wp\/v2\/product_tag?post=495278"}],"curies":[{"name":"wp","href":"https:\/\/api.w.org\/{rel}","templated":true}]}}