{"id":495211,"date":"2025-01-24T01:06:36","date_gmt":"2025-01-24T00:06:36","guid":{"rendered":"https:\/\/shop.kustom.ch\/?post_type=product&#038;p=495211"},"modified":"2026-03-31T13:21:32","modified_gmt":"2026-03-31T12:21:32","slug":"webster","status":"publish","type":"product","link":"https:\/\/shop.kustom.ch\/en\/product\/webster\/","title":{"rendered":"Webster"},"content":{"rendered":"<p>A sporty and waterproof unisex jacket. Taped seams in key areas, 2 side pockets with zips. Velcro fastening at the cuffs. Adjustable hood and large print areas.<\/p>\n<p>Material: 100% polyester, TPU, WP 3000 mm<\/p>","protected":false},"excerpt":{"rendered":"<p>Eine sportliche und wasserdichte Unisexjacke. Verschweisste N\u00e4hte an den wichtigen Stellen, 2 Seitentaschen mit Reissverschl\u00fcssen. Klettverschluss am \u00c4rmelabschluss. Verstellbare Kapuze und grossz\u00fcgige Bereiche f\u00fcr den Druck. Material: 100% Polyester, TPU, WP 3000 mm<\/p>","protected":false},"featured_media":495264,"template":"","meta":[],"product_brand":[],"product_cat":[4186],"product_tag":[],"class_list":{"0":"post-495211","1":"product","2":"type-product","3":"status-publish","4":"has-post-thumbnail","6":"product_cat-jacken","7":"pa_brand-clique","8":"pa_brand-type-sportswear","9":"pa_filter-color-blau","10":"pa_filter-color-rot","11":"pa_filter-color-schwarz","13":"first","14":"instock","15":"sale","16":"taxable","17":"shipping-taxable","18":"purchasable","19":"product-type-variable","20":"add-to-wishlist-before_image"},"exclude_global_add_ons":[],"addons":[],"acf":[],"_links":{"self":[{"href":"https:\/\/shop.kustom.ch\/en\/wp-json\/wp\/v2\/product\/495211"}],"collection":[{"href":"https:\/\/shop.kustom.ch\/en\/wp-json\/wp\/v2\/product"}],"about":[{"href":"https:\/\/shop.kustom.ch\/en\/wp-json\/wp\/v2\/types\/product"}],"wp:featuredmedia":[{"embeddable":true,"href":"https:\/\/shop.kustom.ch\/en\/wp-json\/wp\/v2\/media\/495264"}],"wp:attachment":[{"href":"https:\/\/shop.kustom.ch\/en\/wp-json\/wp\/v2\/media?parent=495211"}],"wp:term":[{"taxonomy":"product_brand","embeddable":true,"href":"https:\/\/shop.kustom.ch\/en\/wp-json\/wp\/v2\/product_brand?post=495211"},{"taxonomy":"product_cat","embeddable":true,"href":"https:\/\/shop.kustom.ch\/en\/wp-json\/wp\/v2\/product_cat?post=495211"},{"taxonomy":"product_tag","embeddable":true,"href":"https:\/\/shop.kustom.ch\/en\/wp-json\/wp\/v2\/product_tag?post=495211"}],"curies":[{"name":"wp","href":"https:\/\/api.w.org\/{rel}","templated":true}]}}