{"id":495142,"date":"2025-01-24T01:06:11","date_gmt":"2025-01-24T00:06:11","guid":{"rendered":"https:\/\/shop.kustom.ch\/?post_type=product&#038;p=495142"},"modified":"2026-03-31T13:14:35","modified_gmt":"2026-03-31T12:14:35","slug":"utah-vest","status":"publish","type":"product","link":"https:\/\/shop.kustom.ch\/en\/product\/utah-vest\/","title":{"rendered":"Utah Vest"},"content":{"rendered":"<p>A modern cut, lightly padded waistcoat with large reflective areas. Waterproof main zip and two zipped side pockets. Hidden chest pocket and two inside pockets. Headphone guide, an easily removable label for rebranding.<\/p>\n<p>Material: 100% Spun Dyed Polyester ; 100% Polyester, with reflective coating.<\/p>","protected":false},"excerpt":{"rendered":"<p>Eine modern geschnittene, leicht wattierte Weste mit grossen, reflektierenden Bereichen. Wasserdichter Hauptreissverschluss und zwei Seitentaschen mit Reissverschluss. Versteckte Brusttasche und zwei Innentaschen. Kopfh\u00f6rer\u00fchrung, ein leicht abnehmbares Etikett f\u00fcr Rebranding. Material: 100% Spun Dyed Polyester ; 100% Polyester, mit reflektierender Beschichtung.<\/p>","protected":false},"featured_media":495174,"template":"","meta":[],"product_brand":[],"product_cat":[4186],"product_tag":[],"class_list":{"0":"post-495142","1":"product","2":"type-product","3":"status-publish","4":"has-post-thumbnail","6":"product_cat-jacken","7":"pa_brand-clique","8":"pa_brand-type-sportswear","9":"pa_filter-color-weiss","11":"first","12":"instock","13":"sale","14":"taxable","15":"shipping-taxable","16":"purchasable","17":"product-type-variable","18":"add-to-wishlist-before_image"},"exclude_global_add_ons":[],"addons":[],"acf":[],"_links":{"self":[{"href":"https:\/\/shop.kustom.ch\/en\/wp-json\/wp\/v2\/product\/495142"}],"collection":[{"href":"https:\/\/shop.kustom.ch\/en\/wp-json\/wp\/v2\/product"}],"about":[{"href":"https:\/\/shop.kustom.ch\/en\/wp-json\/wp\/v2\/types\/product"}],"wp:featuredmedia":[{"embeddable":true,"href":"https:\/\/shop.kustom.ch\/en\/wp-json\/wp\/v2\/media\/495174"}],"wp:attachment":[{"href":"https:\/\/shop.kustom.ch\/en\/wp-json\/wp\/v2\/media?parent=495142"}],"wp:term":[{"taxonomy":"product_brand","embeddable":true,"href":"https:\/\/shop.kustom.ch\/en\/wp-json\/wp\/v2\/product_brand?post=495142"},{"taxonomy":"product_cat","embeddable":true,"href":"https:\/\/shop.kustom.ch\/en\/wp-json\/wp\/v2\/product_cat?post=495142"},{"taxonomy":"product_tag","embeddable":true,"href":"https:\/\/shop.kustom.ch\/en\/wp-json\/wp\/v2\/product_tag?post=495142"}],"curies":[{"name":"wp","href":"https:\/\/api.w.org\/{rel}","templated":true}]}}