{"id":494862,"date":"2025-01-24T01:04:55","date_gmt":"2025-01-24T00:04:55","guid":{"rendered":"https:\/\/shop.kustom.ch\/?post_type=product&#038;p=494862"},"modified":"2026-03-31T13:11:06","modified_gmt":"2026-03-31T12:11:06","slug":"stretch-premium-polo-l-s-women","status":"publish","type":"product","link":"https:\/\/shop.kustom.ch\/en\/product\/stretch-premium-polo-l-s-women\/","title":{"rendered":"Stretch Premium Polo L\/S Women"},"content":{"rendered":"<p>High quality long sleeve polo shirt with good stretch. This polo shirt without cuffs has 2 buttons with a mother-of-pearl look for men and 3 for women. Herringbone neck tape and decorative stitching on the side slits. An easily removable label for rebranding. The polo has been pre-shrunk and enzyme treated.<\/p>\n<p>Material: 95% cotton, 5% elastane<\/p>","protected":false},"excerpt":{"rendered":"<p>Hochwertiges Langarm Polo Shirt mit guter Dehnbarkeit. Dieses Polo shirt ohne B\u00fcndchen verf\u00fcgt \u00fcber 2 Kn\u00f6pfe mit perlmuttartigem Aussehen f\u00fcr Herren und 3 f\u00fcr Damen. Herringbone Nackenband und Ziernaht an den Seitenschlitzen. Ein leicht abnehmbares Etikett f\u00fcr Rebranding. Das Polo wurde vorgeschrumpft und enzym behandelt. Material: 95% Baumwolle, 5% Elasthan<\/p>","protected":false},"featured_media":494927,"template":"","meta":[],"product_brand":[],"product_cat":[4193],"product_tag":[],"class_list":{"0":"post-494862","1":"product","2":"type-product","3":"status-publish","4":"has-post-thumbnail","6":"product_cat-polos","7":"pa_brand-clique","8":"pa_brand-type-sportswear","9":"pa_filter-color-blau","10":"pa_filter-color-schwarz","11":"pa_filter-color-weiss","13":"first","14":"instock","15":"sale","16":"taxable","17":"shipping-taxable","18":"purchasable","19":"product-type-variable","20":"add-to-wishlist-before_image"},"exclude_global_add_ons":[],"addons":[],"acf":[],"_links":{"self":[{"href":"https:\/\/shop.kustom.ch\/en\/wp-json\/wp\/v2\/product\/494862"}],"collection":[{"href":"https:\/\/shop.kustom.ch\/en\/wp-json\/wp\/v2\/product"}],"about":[{"href":"https:\/\/shop.kustom.ch\/en\/wp-json\/wp\/v2\/types\/product"}],"wp:featuredmedia":[{"embeddable":true,"href":"https:\/\/shop.kustom.ch\/en\/wp-json\/wp\/v2\/media\/494927"}],"wp:attachment":[{"href":"https:\/\/shop.kustom.ch\/en\/wp-json\/wp\/v2\/media?parent=494862"}],"wp:term":[{"taxonomy":"product_brand","embeddable":true,"href":"https:\/\/shop.kustom.ch\/en\/wp-json\/wp\/v2\/product_brand?post=494862"},{"taxonomy":"product_cat","embeddable":true,"href":"https:\/\/shop.kustom.ch\/en\/wp-json\/wp\/v2\/product_cat?post=494862"},{"taxonomy":"product_tag","embeddable":true,"href":"https:\/\/shop.kustom.ch\/en\/wp-json\/wp\/v2\/product_tag?post=494862"}],"curies":[{"name":"wp","href":"https:\/\/api.w.org\/{rel}","templated":true}]}}