{"id":494353,"date":"2025-01-24T01:01:49","date_gmt":"2025-01-24T00:01:49","guid":{"rendered":"https:\/\/shop.kustom.ch\/?post_type=product&#038;p=494353"},"modified":"2026-03-31T13:09:17","modified_gmt":"2026-03-31T12:09:17","slug":"prestige-toilet-case","status":"publish","type":"product","link":"https:\/\/shop.kustom.ch\/en\/product\/prestige-toilet-case\/","title":{"rendered":"Prestige Toilet Case"},"content":{"rendered":"<p>This stylishly designed toiletry case is the perfect addition to your prestige luggage.<br \/>\nIt features an SBS zipped compartment with a mesh pocket and a stylish handle. The top, bottom and sides are PU coated for added durability. Dimensions and volume 25x15x9cm - 3L<\/p>\n<p>Material: Base : 300D Polyester\/TPE ; 2nd material : PU coating<\/p>","protected":false},"excerpt":{"rendered":"<p>Die perfekte Erg\u00e4nzung zu Ihrem Prestigegep\u00e4ck ist dieser stilvoll gestaltete Toilettenkoffer. Er verf\u00fcgt \u00fcber ein SBS-Reissverschlussfach mit einer Netztasche und einem stilvollen Griff. Die Ober- und Unterseite sowie die Seiten sind f\u00fcr zus\u00e4tzliche Haltbarkeit PU-beschichtet. Abmessungen und Volumen 25x15x9cm &#8211; 3L Material: Unterlage : 300D Polyester\/TPE ; 2. Material : PU-Beschichtung<\/p>","protected":false},"featured_media":494392,"template":"","meta":[],"product_brand":[],"product_cat":[4195,4209],"product_tag":[],"class_list":{"0":"post-494353","1":"product","2":"type-product","3":"status-publish","4":"has-post-thumbnail","6":"product_cat-rucksaecke-taschen","7":"product_cat-zubehoer","8":"pa_brand-clique","9":"pa_brand-type-sportswear","10":"pa_filter-color-grau","12":"first","13":"instock","14":"sale","15":"taxable","16":"shipping-taxable","17":"purchasable","18":"product-type-variable","19":"add-to-wishlist-before_image"},"exclude_global_add_ons":[],"addons":[],"acf":[],"_links":{"self":[{"href":"https:\/\/shop.kustom.ch\/en\/wp-json\/wp\/v2\/product\/494353"}],"collection":[{"href":"https:\/\/shop.kustom.ch\/en\/wp-json\/wp\/v2\/product"}],"about":[{"href":"https:\/\/shop.kustom.ch\/en\/wp-json\/wp\/v2\/types\/product"}],"wp:featuredmedia":[{"embeddable":true,"href":"https:\/\/shop.kustom.ch\/en\/wp-json\/wp\/v2\/media\/494392"}],"wp:attachment":[{"href":"https:\/\/shop.kustom.ch\/en\/wp-json\/wp\/v2\/media?parent=494353"}],"wp:term":[{"taxonomy":"product_brand","embeddable":true,"href":"https:\/\/shop.kustom.ch\/en\/wp-json\/wp\/v2\/product_brand?post=494353"},{"taxonomy":"product_cat","embeddable":true,"href":"https:\/\/shop.kustom.ch\/en\/wp-json\/wp\/v2\/product_cat?post=494353"},{"taxonomy":"product_tag","embeddable":true,"href":"https:\/\/shop.kustom.ch\/en\/wp-json\/wp\/v2\/product_tag?post=494353"}],"curies":[{"name":"wp","href":"https:\/\/api.w.org\/{rel}","templated":true}]}}