{"id":494212,"date":"2025-01-24T01:01:18","date_gmt":"2025-01-24T00:01:18","guid":{"rendered":"https:\/\/shop.kustom.ch\/?post_type=product&#038;p=494212"},"modified":"2026-03-31T13:07:12","modified_gmt":"2026-03-31T12:07:12","slug":"premium-t","status":"publish","type":"product","link":"https:\/\/shop.kustom.ch\/en\/product\/premium-t\/","title":{"rendered":"Premium T"},"content":{"rendered":"<p>Single Jersey T-Shirt in Top Qualit\u00e4t, vorgeschrumpft mit Seitenn\u00e4hten, mit verst\u00e4rktem Kragen und Nackenband.<\/p>\n<p>Material: 100% Baumwolle (Graumeliert [95] 85% Baumwolle, 15% Viskose)<\/p>\n","protected":false},"excerpt":{"rendered":"<p>Single Jersey T-Shirt in Top Qualit\u00e4t, vorgeschrumpft mit Seitenn\u00e4hten, mit verst\u00e4rktem Kragen und Nackenband. Material: 100% Baumwolle (Graumeliert [95] 85% Baumwolle, 15% Viskose)<\/p>\n","protected":false},"featured_media":494260,"template":"","meta":[],"product_brand":[],"product_cat":[4201],"product_tag":[],"class_list":{"0":"post-494212","1":"product","2":"type-product","3":"status-publish","4":"has-post-thumbnail","6":"product_cat-t-shirts","7":"pa_brand-clique","8":"pa_brand-type-sportswear","9":"pa_filter-color-blau","10":"pa_filter-color-grau","11":"pa_filter-color-gruen","12":"pa_filter-color-orange","13":"pa_filter-color-rot","14":"pa_filter-color-schwarz","15":"pa_filter-color-weiss","17":"first","18":"instock","19":"sale","20":"taxable","21":"shipping-taxable","22":"purchasable","23":"product-type-variable","24":"add-to-wishlist-before_image"},"exclude_global_add_ons":[],"addons":[],"acf":[],"_links":{"self":[{"href":"https:\/\/shop.kustom.ch\/en\/wp-json\/wp\/v2\/product\/494212"}],"collection":[{"href":"https:\/\/shop.kustom.ch\/en\/wp-json\/wp\/v2\/product"}],"about":[{"href":"https:\/\/shop.kustom.ch\/en\/wp-json\/wp\/v2\/types\/product"}],"wp:featuredmedia":[{"embeddable":true,"href":"https:\/\/shop.kustom.ch\/en\/wp-json\/wp\/v2\/media\/494260"}],"wp:attachment":[{"href":"https:\/\/shop.kustom.ch\/en\/wp-json\/wp\/v2\/media?parent=494212"}],"wp:term":[{"taxonomy":"product_brand","embeddable":true,"href":"https:\/\/shop.kustom.ch\/en\/wp-json\/wp\/v2\/product_brand?post=494212"},{"taxonomy":"product_cat","embeddable":true,"href":"https:\/\/shop.kustom.ch\/en\/wp-json\/wp\/v2\/product_cat?post=494212"},{"taxonomy":"product_tag","embeddable":true,"href":"https:\/\/shop.kustom.ch\/en\/wp-json\/wp\/v2\/product_tag?post=494212"}],"curies":[{"name":"wp","href":"https:\/\/api.w.org\/{rel}","templated":true}]}}