{"id":494144,"date":"2025-01-24T01:01:01","date_gmt":"2025-01-24T00:01:01","guid":{"rendered":"https:\/\/shop.kustom.ch\/?post_type=product&#038;p=494144"},"modified":"2026-03-31T13:12:50","modified_gmt":"2026-03-31T12:12:50","slug":"premium-oc-roundneck","status":"publish","type":"product","link":"https:\/\/shop.kustom.ch\/en\/product\/premium-oc-roundneck\/","title":{"rendered":"Premium OC Roundneck"},"content":{"rendered":"<p>Our finest sweatshirt with a round neckline is made from organic cotton and recycled polyester. Raglan sleeves with flatlock decorative stitching and a beautiful flatlock decorative element on the front for a modern look. Hidden side pocket with zip and headphone guide. CVC French terry, neck tape with herringbone pattern, ribbed cuffs and ribbed waistband. Elasticated ribbed waistband 1\u00d71.<\/p>\n<p>Material: 85% organic cotton, 15% polyester<\/p>","protected":false},"excerpt":{"rendered":"<p>Unser feinstes Sweatshirt mit Rundhalsausschnitt ist aus Bio-Baumwolle und Recyclingpolyester. Raglan\u00e4rmel mit Flatlock-Ziernaht und sch\u00f6nes Flatlock-Zierelement vorne f\u00fcr einen modernen Look. Verborgene Seitentasche mit Reissverschluss und Kopfh\u00f6rerf\u00fchrung. CVC French Terry, Nackenband mit Fischgr\u00e4tenmuster, gerippte \u00c4rmelabschl\u00fcsse und gerippter Bund. Elastischer Rippbund 1&#215;1. Material: 85% Organic Baumwolle, 15% Polyester<\/p>","protected":false},"featured_media":494180,"template":"","meta":[],"product_brand":[],"product_cat":[4191],"product_tag":[],"class_list":{"0":"post-494144","1":"product","2":"type-product","3":"status-publish","4":"has-post-thumbnail","6":"product_cat-longsleeves-sweatshirts","7":"pa_brand-clique","8":"pa_brand-type-sportswear","9":"pa_filter-color-beige","10":"pa_filter-color-blau","11":"pa_filter-color-grau","12":"pa_filter-color-schwarz","14":"first","15":"instock","16":"sale","17":"taxable","18":"shipping-taxable","19":"purchasable","20":"product-type-variable","21":"add-to-wishlist-before_image"},"exclude_global_add_ons":[],"addons":[],"acf":[],"_links":{"self":[{"href":"https:\/\/shop.kustom.ch\/en\/wp-json\/wp\/v2\/product\/494144"}],"collection":[{"href":"https:\/\/shop.kustom.ch\/en\/wp-json\/wp\/v2\/product"}],"about":[{"href":"https:\/\/shop.kustom.ch\/en\/wp-json\/wp\/v2\/types\/product"}],"wp:featuredmedia":[{"embeddable":true,"href":"https:\/\/shop.kustom.ch\/en\/wp-json\/wp\/v2\/media\/494180"}],"wp:attachment":[{"href":"https:\/\/shop.kustom.ch\/en\/wp-json\/wp\/v2\/media?parent=494144"}],"wp:term":[{"taxonomy":"product_brand","embeddable":true,"href":"https:\/\/shop.kustom.ch\/en\/wp-json\/wp\/v2\/product_brand?post=494144"},{"taxonomy":"product_cat","embeddable":true,"href":"https:\/\/shop.kustom.ch\/en\/wp-json\/wp\/v2\/product_cat?post=494144"},{"taxonomy":"product_tag","embeddable":true,"href":"https:\/\/shop.kustom.ch\/en\/wp-json\/wp\/v2\/product_tag?post=494144"}],"curies":[{"name":"wp","href":"https:\/\/api.w.org\/{rel}","templated":true}]}}