{"id":494143,"date":"2025-01-24T01:01:00","date_gmt":"2025-01-24T00:01:00","guid":{"rendered":"https:\/\/shop.kustom.ch\/?post_type=product&#038;p=494143"},"modified":"2026-03-31T13:18:54","modified_gmt":"2026-03-31T12:18:54","slug":"premium-oc-pants-women","status":"publish","type":"product","link":"https:\/\/shop.kustom.ch\/en\/product\/premium-oc-pants-women\/","title":{"rendered":"Premium OC Pants Women"},"content":{"rendered":"<p>Our finest leisure trousers are made from organic cotton and recycled polyester. A slightly wider waistband and wide leg cuffs ensure a high level of comfort and a modern look. Waistband with drawstring and metal trims. Back pocket with zip on the men's model. CVC French terry, ribbed leg cuffs. Elasticated ribbed waistband 1\u00d71.<\/p>\n<p>Material: 85% organic cotton, 15% polyester<\/p>","protected":false},"excerpt":{"rendered":"<p>Unsere feinste Freizeithose ist aus Bio-Baumwolle und Recyclingpolyester. Ein etwas breiterer H\u00fcftbund und breite Beinabschlussb\u00fcndchen sorgen f\u00fcr einen hohen Tragekomfort und modernen Look. Bund mit Kordelzug und Metallabschl\u00fcssen. Beim Herrenmodell Ges\u00e4sstasche mit Reissverschluss. CVC French Terry, gerippte Beinabschl\u00fcsse. Elastischer Rippbund 1&#215;1. Material: 85% Organic Baumwolle, 15% Polyester<\/p>","protected":false},"featured_media":494159,"template":"","meta":[],"product_brand":[],"product_cat":[4185,4191],"product_tag":[],"class_list":{"0":"post-494143","1":"product","2":"type-product","3":"status-publish","4":"has-post-thumbnail","6":"product_cat-hosen","7":"product_cat-longsleeves-sweatshirts","8":"pa_brand-clique","9":"pa_brand-type-sportswear","10":"pa_filter-color-blau","11":"pa_filter-color-grau","12":"pa_filter-color-schwarz","14":"first","15":"instock","16":"sale","17":"taxable","18":"shipping-taxable","19":"purchasable","20":"product-type-variable","21":"add-to-wishlist-before_image"},"exclude_global_add_ons":[],"addons":[],"acf":[],"_links":{"self":[{"href":"https:\/\/shop.kustom.ch\/en\/wp-json\/wp\/v2\/product\/494143"}],"collection":[{"href":"https:\/\/shop.kustom.ch\/en\/wp-json\/wp\/v2\/product"}],"about":[{"href":"https:\/\/shop.kustom.ch\/en\/wp-json\/wp\/v2\/types\/product"}],"wp:featuredmedia":[{"embeddable":true,"href":"https:\/\/shop.kustom.ch\/en\/wp-json\/wp\/v2\/media\/494159"}],"wp:attachment":[{"href":"https:\/\/shop.kustom.ch\/en\/wp-json\/wp\/v2\/media?parent=494143"}],"wp:term":[{"taxonomy":"product_brand","embeddable":true,"href":"https:\/\/shop.kustom.ch\/en\/wp-json\/wp\/v2\/product_brand?post=494143"},{"taxonomy":"product_cat","embeddable":true,"href":"https:\/\/shop.kustom.ch\/en\/wp-json\/wp\/v2\/product_cat?post=494143"},{"taxonomy":"product_tag","embeddable":true,"href":"https:\/\/shop.kustom.ch\/en\/wp-json\/wp\/v2\/product_tag?post=494143"}],"curies":[{"name":"wp","href":"https:\/\/api.w.org\/{rel}","templated":true}]}}