{"id":493869,"date":"2025-01-24T00:59:57","date_gmt":"2025-01-23T23:59:57","guid":{"rendered":"https:\/\/shop.kustom.ch\/?post_type=product&#038;p=493869"},"modified":"2026-03-31T13:13:59","modified_gmt":"2026-03-31T12:13:59","slug":"premium-oc-cardigan","status":"publish","type":"product","link":"https:\/\/shop.kustom.ch\/en\/product\/premium-oc-cardigan\/","title":{"rendered":"Premium OC Cardigan"},"content":{"rendered":"<p>Our finest cardigan with full-length zip is made from organic cotton and recycled polyester. Full-length YKK zip with antique look. Two front pockets with YKK zip, headphone guide, flatlock decorative seams for a modern look. CVC French terry, neck tape with herringbone pattern, ribbed cuffs and ribbed waistband. Elasticated ribbed waistband 1\u00d71.<\/p>\n<p>Material: 85% organic cotton, 15% polyester<\/p>","protected":false},"excerpt":{"rendered":"<p>Unser feinster Cardigan mit Reissverschluss \u00fcber die gesamte L\u00e4nge ist aus Bio-Baumwolle und Recyclingpolyester. YKK-Reissverschluss \u00fcber die gesamte L\u00e4nge mit Antik-Optik. Zwei Fronttaschen mit YKK-Reissverschluss, K\u00f6pfh\u00f6rerf\u00fchrung, Flatlock-Ziern\u00e4hte f\u00fcr einen modernen Look. CVC French Terry, Nackenband mit Fischgr\u00e4tenmuster, gerippte \u00c4rmelabschl\u00fcsse und gerippter Bund. Elastischer Rippbund 1&#215;1. Material: 85% Organic Baumwolle, 15% Polyester<\/p>","protected":false},"featured_media":493891,"template":"","meta":[],"product_brand":[],"product_cat":[4191],"product_tag":[],"class_list":{"0":"post-493869","1":"product","2":"type-product","3":"status-publish","4":"has-post-thumbnail","6":"product_cat-longsleeves-sweatshirts","7":"pa_brand-clique","8":"pa_brand-type-sportswear","9":"pa_filter-color-beige","10":"pa_filter-color-blau","11":"pa_filter-color-grau","12":"pa_filter-color-schwarz","14":"first","15":"instock","16":"sale","17":"taxable","18":"shipping-taxable","19":"purchasable","20":"product-type-variable","21":"add-to-wishlist-before_image"},"exclude_global_add_ons":[],"addons":[],"acf":[],"_links":{"self":[{"href":"https:\/\/shop.kustom.ch\/en\/wp-json\/wp\/v2\/product\/493869"}],"collection":[{"href":"https:\/\/shop.kustom.ch\/en\/wp-json\/wp\/v2\/product"}],"about":[{"href":"https:\/\/shop.kustom.ch\/en\/wp-json\/wp\/v2\/types\/product"}],"wp:featuredmedia":[{"embeddable":true,"href":"https:\/\/shop.kustom.ch\/en\/wp-json\/wp\/v2\/media\/493891"}],"wp:attachment":[{"href":"https:\/\/shop.kustom.ch\/en\/wp-json\/wp\/v2\/media?parent=493869"}],"wp:term":[{"taxonomy":"product_brand","embeddable":true,"href":"https:\/\/shop.kustom.ch\/en\/wp-json\/wp\/v2\/product_brand?post=493869"},{"taxonomy":"product_cat","embeddable":true,"href":"https:\/\/shop.kustom.ch\/en\/wp-json\/wp\/v2\/product_cat?post=493869"},{"taxonomy":"product_tag","embeddable":true,"href":"https:\/\/shop.kustom.ch\/en\/wp-json\/wp\/v2\/product_tag?post=493869"}],"curies":[{"name":"wp","href":"https:\/\/api.w.org\/{rel}","templated":true}]}}