{"id":493802,"date":"2025-01-24T00:59:38","date_gmt":"2025-01-23T23:59:38","guid":{"rendered":"https:\/\/shop.kustom.ch\/?post_type=product&#038;p=493802"},"modified":"2026-03-31T13:12:51","modified_gmt":"2026-03-31T12:12:51","slug":"premium-long-t","status":"publish","type":"product","link":"https:\/\/shop.kustom.ch\/en\/product\/premium-long-t\/","title":{"rendered":"Premium Long-T"},"content":{"rendered":"<p>Extra-long unisex T-shirt in premium quality. Made from 100% ring-spun cotton. It features a double 1\u00d71 ribbed cuff, reinforced neck tape and an easily removable label for rebranding. The garment is pre-shrunk and enzyme treated.<\/p>\n<p>Material: 100% cotton<\/p>","protected":false},"excerpt":{"rendered":"<p>Extra langes Unisex-T-Shirt in Premium-Qualit\u00e4t. Hergestellt aus 100% ringgesponnener Baumwolle. Es verf\u00fcgt \u00fcber einen doppelten 1&#215;1 Rippenb\u00fcndche, verst\u00e4rktes Nackenband und ein leicht abnehmbares Etikett f\u00fcr Rebranding. Das Kleidungsst\u00fcck ist vorgeschrumpft und enzymbehandelt. Material: 100% Baumwolle<\/p>","protected":false},"featured_media":493833,"template":"","meta":[],"product_brand":[],"product_cat":[4201],"product_tag":[],"class_list":{"0":"post-493802","1":"product","2":"type-product","3":"status-publish","4":"has-post-thumbnail","6":"product_cat-t-shirts","7":"pa_brand-clique","8":"pa_brand-type-sportswear","9":"pa_filter-color-blau","10":"pa_filter-color-grau","11":"pa_filter-color-rot","12":"pa_filter-color-schwarz","13":"pa_filter-color-weiss","15":"first","16":"instock","17":"sale","18":"taxable","19":"shipping-taxable","20":"purchasable","21":"product-type-variable","22":"add-to-wishlist-before_image"},"exclude_global_add_ons":[],"addons":[],"acf":[],"_links":{"self":[{"href":"https:\/\/shop.kustom.ch\/en\/wp-json\/wp\/v2\/product\/493802"}],"collection":[{"href":"https:\/\/shop.kustom.ch\/en\/wp-json\/wp\/v2\/product"}],"about":[{"href":"https:\/\/shop.kustom.ch\/en\/wp-json\/wp\/v2\/types\/product"}],"wp:featuredmedia":[{"embeddable":true,"href":"https:\/\/shop.kustom.ch\/en\/wp-json\/wp\/v2\/media\/493833"}],"wp:attachment":[{"href":"https:\/\/shop.kustom.ch\/en\/wp-json\/wp\/v2\/media?parent=493802"}],"wp:term":[{"taxonomy":"product_brand","embeddable":true,"href":"https:\/\/shop.kustom.ch\/en\/wp-json\/wp\/v2\/product_brand?post=493802"},{"taxonomy":"product_cat","embeddable":true,"href":"https:\/\/shop.kustom.ch\/en\/wp-json\/wp\/v2\/product_cat?post=493802"},{"taxonomy":"product_tag","embeddable":true,"href":"https:\/\/shop.kustom.ch\/en\/wp-json\/wp\/v2\/product_tag?post=493802"}],"curies":[{"name":"wp","href":"https:\/\/api.w.org\/{rel}","templated":true}]}}