{"id":493801,"date":"2025-01-24T00:59:38","date_gmt":"2025-01-23T23:59:38","guid":{"rendered":"https:\/\/shop.kustom.ch\/?post_type=product&#038;p=493801"},"modified":"2026-03-31T13:17:13","modified_gmt":"2026-03-31T12:17:13","slug":"premium-fashion-t-women","status":"publish","type":"product","link":"https:\/\/shop.kustom.ch\/en\/product\/premium-fashion-t-women\/","title":{"rendered":"Premium Fashion-T Women"},"content":{"rendered":"<p>Ein modernes, hochwertiges T-Shirt. Die feine Baumwolle ist ringgesponnen, vorgeschrumpft und enzymbehandelt. Mit Nackenband im Kragen und verst\u00e4rkten Schultern\u00e4hten. Ein leicht abnehmbares Etikett f\u00fcr Rebranding.<\/p>\n<p>Material: 100% Baumwolle (Graumeliert [95] 85% Baumwolle, 15% Viskose)<\/p>\n","protected":false},"excerpt":{"rendered":"<p>Ein modernes, hochwertiges T-Shirt. Die feine Baumwolle ist ringgesponnen, vorgeschrumpft und enzymbehandelt. Mit Nackenband im Kragen und verst\u00e4rkten Schultern\u00e4hten. Ein leicht abnehmbares Etikett f\u00fcr Rebranding. Material: 100% Baumwolle (Graumeliert [95] 85% Baumwolle, 15% Viskose)<\/p>\n","protected":false},"featured_media":493805,"template":"","meta":[],"product_brand":[],"product_cat":[4201],"product_tag":[],"class_list":{"0":"post-493801","1":"product","2":"type-product","3":"status-publish","4":"has-post-thumbnail","6":"product_cat-t-shirts","7":"pa_brand-clique","8":"pa_brand-type-sportswear","9":"pa_filter-color-blau","10":"pa_filter-color-grau","11":"pa_filter-color-schwarz","12":"pa_filter-color-weiss","14":"first","15":"instock","16":"sale","17":"taxable","18":"shipping-taxable","19":"purchasable","20":"product-type-variable","21":"add-to-wishlist-before_image"},"exclude_global_add_ons":[],"addons":[],"acf":[],"_links":{"self":[{"href":"https:\/\/shop.kustom.ch\/en\/wp-json\/wp\/v2\/product\/493801"}],"collection":[{"href":"https:\/\/shop.kustom.ch\/en\/wp-json\/wp\/v2\/product"}],"about":[{"href":"https:\/\/shop.kustom.ch\/en\/wp-json\/wp\/v2\/types\/product"}],"wp:featuredmedia":[{"embeddable":true,"href":"https:\/\/shop.kustom.ch\/en\/wp-json\/wp\/v2\/media\/493805"}],"wp:attachment":[{"href":"https:\/\/shop.kustom.ch\/en\/wp-json\/wp\/v2\/media?parent=493801"}],"wp:term":[{"taxonomy":"product_brand","embeddable":true,"href":"https:\/\/shop.kustom.ch\/en\/wp-json\/wp\/v2\/product_brand?post=493801"},{"taxonomy":"product_cat","embeddable":true,"href":"https:\/\/shop.kustom.ch\/en\/wp-json\/wp\/v2\/product_cat?post=493801"},{"taxonomy":"product_tag","embeddable":true,"href":"https:\/\/shop.kustom.ch\/en\/wp-json\/wp\/v2\/product_tag?post=493801"}],"curies":[{"name":"wp","href":"https:\/\/api.w.org\/{rel}","templated":true}]}}