{"id":493039,"date":"2025-01-24T00:56:21","date_gmt":"2025-01-23T23:56:21","guid":{"rendered":"https:\/\/shop.kustom.ch\/?post_type=product&#038;p=493039"},"modified":"2026-03-31T13:20:14","modified_gmt":"2026-03-31T12:20:14","slug":"oakdale-women","status":"publish","type":"product","link":"https:\/\/shop.kustom.ch\/en\/product\/oakdale-women\/","title":{"rendered":"Oakdale Women"},"content":{"rendered":"<p>A sporty hooded jumper made from soft, stretchy and comfortable polyester. Mesh-lined hood with drawstring, kangaroo front pocket and a hidden pocket with zip and headphone guide.<\/p>\n<p>Material: 100% polyester<\/p>","protected":false},"excerpt":{"rendered":"<p>Ein sportlicher Kapuzensweater aus weichem, elastischem und komfortablem Polyester. Kapuze mit Mesh gef\u00fcttert und Kordelzug, K\u00e4nguru Fronttasche und eine versteckte Tasche mit Reissverschluss und Kopfh\u00f6rerf\u00fchrung. Material: 100% Polyester<\/p>","protected":false},"featured_media":493060,"template":"","meta":[],"product_brand":[],"product_cat":[4184],"product_tag":[],"class_list":{"0":"post-493039","1":"product","2":"type-product","3":"status-publish","4":"has-post-thumbnail","6":"product_cat-hoodies-pullover","7":"pa_brand-clique","8":"pa_brand-type-sportswear","9":"pa_filter-color-blau","10":"pa_filter-color-grau","11":"pa_filter-color-schwarz","13":"first","14":"instock","15":"sale","16":"taxable","17":"shipping-taxable","18":"purchasable","19":"product-type-variable","20":"add-to-wishlist-before_image"},"exclude_global_add_ons":[],"addons":[],"acf":[],"_links":{"self":[{"href":"https:\/\/shop.kustom.ch\/en\/wp-json\/wp\/v2\/product\/493039"}],"collection":[{"href":"https:\/\/shop.kustom.ch\/en\/wp-json\/wp\/v2\/product"}],"about":[{"href":"https:\/\/shop.kustom.ch\/en\/wp-json\/wp\/v2\/types\/product"}],"wp:featuredmedia":[{"embeddable":true,"href":"https:\/\/shop.kustom.ch\/en\/wp-json\/wp\/v2\/media\/493060"}],"wp:attachment":[{"href":"https:\/\/shop.kustom.ch\/en\/wp-json\/wp\/v2\/media?parent=493039"}],"wp:term":[{"taxonomy":"product_brand","embeddable":true,"href":"https:\/\/shop.kustom.ch\/en\/wp-json\/wp\/v2\/product_brand?post=493039"},{"taxonomy":"product_cat","embeddable":true,"href":"https:\/\/shop.kustom.ch\/en\/wp-json\/wp\/v2\/product_cat?post=493039"},{"taxonomy":"product_tag","embeddable":true,"href":"https:\/\/shop.kustom.ch\/en\/wp-json\/wp\/v2\/product_tag?post=493039"}],"curies":[{"name":"wp","href":"https:\/\/api.w.org\/{rel}","templated":true}]}}