{"id":492000,"date":"2025-01-24T00:52:04","date_gmt":"2025-01-23T23:52:04","guid":{"rendered":"https:\/\/shop.kustom.ch\/?post_type=product&#038;p=492000"},"modified":"2026-03-31T13:08:15","modified_gmt":"2026-03-31T12:08:15","slug":"miami-roundneck","status":"publish","type":"product","link":"https:\/\/shop.kustom.ch\/en\/product\/miami-roundneck\/","title":{"rendered":"Miami Roundneck"},"content":{"rendered":"<p>Unisex crew neck made from our cotton and recycled polyester blend. Elasticated ribbed cuffs 2\u00d72 with double stitched cuffs and hem. Twill neck tape and an easily removable label for rebranding. Soft stabilised fabric, suitable for intensive washing with anti-pilling finish.<\/p>\n<p>Material: 80% cotton, 20% recycled polyester<\/p>","protected":false},"excerpt":{"rendered":"<p>Unisex Rundhalsausschnitt aus unserer Baumwoll- und recycling Polyester Mischung. Elastische Rippenb\u00fcndchen 2&#215;2 mit doppelter Naht am \u00c4rmelbund und Saum. Twill-Nackenband und ein leicht abnehmbares Etikett f\u00fcr Rebranding. Weiches stabilisiertes Gewebe, geeignet f\u00fcr intensives Waschen mit antipilling Finish. Material: 80% Baumwolle, 20% Reycling-Polyester<\/p>","protected":false},"featured_media":492049,"template":"","meta":[],"product_brand":[],"product_cat":[4191],"product_tag":[],"class_list":{"0":"post-492000","1":"product","2":"type-product","3":"status-publish","4":"has-post-thumbnail","6":"product_cat-longsleeves-sweatshirts","7":"pa_brand-clique","8":"pa_brand-type-sportswear","9":"pa_filter-color-beige","10":"pa_filter-color-blau","11":"pa_filter-color-grau","12":"pa_filter-color-gruen","13":"pa_filter-color-pink","14":"pa_filter-color-rot","15":"pa_filter-color-schwarz","16":"pa_filter-color-weiss","18":"first","19":"instock","20":"sale","21":"taxable","22":"shipping-taxable","23":"purchasable","24":"product-type-variable","25":"add-to-wishlist-before_image"},"exclude_global_add_ons":[],"addons":[],"acf":[],"_links":{"self":[{"href":"https:\/\/shop.kustom.ch\/en\/wp-json\/wp\/v2\/product\/492000"}],"collection":[{"href":"https:\/\/shop.kustom.ch\/en\/wp-json\/wp\/v2\/product"}],"about":[{"href":"https:\/\/shop.kustom.ch\/en\/wp-json\/wp\/v2\/types\/product"}],"wp:featuredmedia":[{"embeddable":true,"href":"https:\/\/shop.kustom.ch\/en\/wp-json\/wp\/v2\/media\/492049"}],"wp:attachment":[{"href":"https:\/\/shop.kustom.ch\/en\/wp-json\/wp\/v2\/media?parent=492000"}],"wp:term":[{"taxonomy":"product_brand","embeddable":true,"href":"https:\/\/shop.kustom.ch\/en\/wp-json\/wp\/v2\/product_brand?post=492000"},{"taxonomy":"product_cat","embeddable":true,"href":"https:\/\/shop.kustom.ch\/en\/wp-json\/wp\/v2\/product_cat?post=492000"},{"taxonomy":"product_tag","embeddable":true,"href":"https:\/\/shop.kustom.ch\/en\/wp-json\/wp\/v2\/product_tag?post=492000"}],"curies":[{"name":"wp","href":"https:\/\/api.w.org\/{rel}","templated":true}]}}