{"id":491999,"date":"2025-01-24T00:52:04","date_gmt":"2025-01-23T23:52:04","guid":{"rendered":"https:\/\/shop.kustom.ch\/?post_type=product&#038;p=491999"},"modified":"2026-03-31T13:10:28","modified_gmt":"2026-03-31T12:10:28","slug":"miami-hoody-fz","status":"publish","type":"product","link":"https:\/\/shop.kustom.ch\/en\/product\/miami-hoody-fz\/","title":{"rendered":"Miami Hoody FZ"},"content":{"rendered":"<p>A unisex full zip hoody in our blend of cotton and recycled polyester. It features an SBS zip, main fabric in the hood and a round drawstring. Two front pockets with zips. Elasticated ribbed cuffs 2\u00d72 with double stitching on the lower sleeve and hem. Twill neck tape and an easily removable label for rebranding. Soft stabilised fabric, suitable for intensive washing with anti-pilling finish.<\/p>\n<p>Material: 80% cotton, 20% recycled polyester<\/p>","protected":false},"excerpt":{"rendered":"<p>Ein Unisex-Full-Zip-Hoody in unserer Mischung aus Baumwolle und reycling-Polyester. Er verf\u00fcgt \u00fcber einen SBS-Reissverschluss, Hauptmaterial in der Kapuze und einen runden Kordelzug. Zwei Fronttaschen mit Reissverschl\u00fcssen. Elastische Rippenb\u00fcndchen 2&#215;2 mit Doppeln\u00e4hten am unteren \u00c4rmel und Saum. Twill-Nackenband und ein leicht abnehmbares Etikett f\u00fcr Rebranding. Weiches stabilisiertes Gewebe, geeignet f\u00fcr intensive W\u00e4sche mit antipilling-Finish. Material: 80% [&hellip;]<\/p>\n","protected":false},"featured_media":492013,"template":"","meta":[],"product_brand":[],"product_cat":[4184],"product_tag":[],"class_list":{"0":"post-491999","1":"product","2":"type-product","3":"status-publish","4":"has-post-thumbnail","6":"product_cat-hoodies-pullover","7":"pa_brand-clique","8":"pa_brand-type-sportswear","9":"pa_filter-color-blau","10":"pa_filter-color-grau","11":"pa_filter-color-schwarz","13":"first","14":"instock","15":"sale","16":"taxable","17":"shipping-taxable","18":"purchasable","19":"product-type-variable","20":"add-to-wishlist-before_image"},"exclude_global_add_ons":[],"addons":[],"acf":[],"_links":{"self":[{"href":"https:\/\/shop.kustom.ch\/en\/wp-json\/wp\/v2\/product\/491999"}],"collection":[{"href":"https:\/\/shop.kustom.ch\/en\/wp-json\/wp\/v2\/product"}],"about":[{"href":"https:\/\/shop.kustom.ch\/en\/wp-json\/wp\/v2\/types\/product"}],"wp:featuredmedia":[{"embeddable":true,"href":"https:\/\/shop.kustom.ch\/en\/wp-json\/wp\/v2\/media\/492013"}],"wp:attachment":[{"href":"https:\/\/shop.kustom.ch\/en\/wp-json\/wp\/v2\/media?parent=491999"}],"wp:term":[{"taxonomy":"product_brand","embeddable":true,"href":"https:\/\/shop.kustom.ch\/en\/wp-json\/wp\/v2\/product_brand?post=491999"},{"taxonomy":"product_cat","embeddable":true,"href":"https:\/\/shop.kustom.ch\/en\/wp-json\/wp\/v2\/product_cat?post=491999"},{"taxonomy":"product_tag","embeddable":true,"href":"https:\/\/shop.kustom.ch\/en\/wp-json\/wp\/v2\/product_tag?post=491999"}],"curies":[{"name":"wp","href":"https:\/\/api.w.org\/{rel}","templated":true}]}}