{"id":491808,"date":"2025-01-24T00:51:00","date_gmt":"2025-01-23T23:51:00","guid":{"rendered":"https:\/\/shop.kustom.ch\/?post_type=product&#038;p=491808"},"modified":"2026-03-31T13:14:15","modified_gmt":"2026-03-31T12:14:15","slug":"marietta","status":"publish","type":"product","link":"https:\/\/shop.kustom.ch\/en\/product\/marietta\/","title":{"rendered":"Marietta"},"content":{"rendered":"<p>Timeless polo dress. Side slits and four tone-on-tone buttons. Reinforced neck tape and an easily removable label for rebranding.<\/p>\n<p>Material: 100% cotton<\/p>","protected":false},"excerpt":{"rendered":"<p>Zeitloses Polokleid. Seitenschlitze und vier Ton-in-Ton-Kn\u00f6pfe. Verst\u00e4rktes Nackenband und eine leicht abnehmbare Etikette f\u00fcr Rebranding. Material: 100% Baumwolle<\/p>","protected":false},"featured_media":491858,"template":"","meta":[],"product_brand":[],"product_cat":[4194],"product_tag":[],"class_list":{"0":"post-491808","1":"product","2":"type-product","3":"status-publish","4":"has-post-thumbnail","6":"product_cat-roecke","7":"pa_brand-clique","8":"pa_brand-type-sportswear","9":"pa_filter-color-blau","10":"pa_filter-color-schwarz","12":"first","13":"instock","14":"sale","15":"taxable","16":"shipping-taxable","17":"purchasable","18":"product-type-variable","19":"add-to-wishlist-before_image"},"exclude_global_add_ons":[],"addons":[],"acf":[],"_links":{"self":[{"href":"https:\/\/shop.kustom.ch\/en\/wp-json\/wp\/v2\/product\/491808"}],"collection":[{"href":"https:\/\/shop.kustom.ch\/en\/wp-json\/wp\/v2\/product"}],"about":[{"href":"https:\/\/shop.kustom.ch\/en\/wp-json\/wp\/v2\/types\/product"}],"wp:featuredmedia":[{"embeddable":true,"href":"https:\/\/shop.kustom.ch\/en\/wp-json\/wp\/v2\/media\/491858"}],"wp:attachment":[{"href":"https:\/\/shop.kustom.ch\/en\/wp-json\/wp\/v2\/media?parent=491808"}],"wp:term":[{"taxonomy":"product_brand","embeddable":true,"href":"https:\/\/shop.kustom.ch\/en\/wp-json\/wp\/v2\/product_brand?post=491808"},{"taxonomy":"product_cat","embeddable":true,"href":"https:\/\/shop.kustom.ch\/en\/wp-json\/wp\/v2\/product_cat?post=491808"},{"taxonomy":"product_tag","embeddable":true,"href":"https:\/\/shop.kustom.ch\/en\/wp-json\/wp\/v2\/product_tag?post=491808"}],"curies":[{"name":"wp","href":"https:\/\/api.w.org\/{rel}","templated":true}]}}