{"id":491671,"date":"2025-01-24T00:50:28","date_gmt":"2025-01-23T23:50:28","guid":{"rendered":"https:\/\/shop.kustom.ch\/?post_type=product&#038;p=491671"},"modified":"2026-03-31T13:12:55","modified_gmt":"2026-03-31T12:12:55","slug":"manhattan-l-s-women","status":"publish","type":"product","link":"https:\/\/shop.kustom.ch\/en\/product\/manhattan-l-s-women\/","title":{"rendered":"Manhattan L\/S Women"},"content":{"rendered":"<p>Langarmversion unseres meistverkauften Polo Shirt. Die Herrenversion hat Rippenb\u00fcndchen. Beide Versionen verf\u00fcgen \u00fcber 2 Jacquard eingewobene im Kragen und 3 Ton-in-Ton Kn\u00f6pfe an der Knopfleiste. Ein leicht abnehmbares Etikett f\u00fcr Rebranding. Das Polo wurde vorgeschrumpft und enzym behandelt.<\/p>\n<p>Material: 65% Polyester, 35% Baumwolle (Graumeliert [95] 85% Baumwolle, 15% Viskose)<\/p>\n","protected":false},"excerpt":{"rendered":"<p>Langarmversion unseres meistverkauften Polo Shirt. Die Herrenversion hat Rippenb\u00fcndchen. Beide Versionen verf\u00fcgen \u00fcber 2 Jacquard eingewobene im Kragen und 3 Ton-in-Ton Kn\u00f6pfe an der Knopfleiste. Ein leicht abnehmbares Etikett f\u00fcr Rebranding. Das Polo wurde vorgeschrumpft und enzym behandelt. Material: 65% Polyester, 35% Baumwolle (Graumeliert [95] 85% Baumwolle, 15% Viskose)<\/p>\n","protected":false},"featured_media":491694,"template":"","meta":[],"product_brand":[],"product_cat":[4193],"product_tag":[],"class_list":{"0":"post-491671","1":"product","2":"type-product","3":"status-publish","4":"has-post-thumbnail","6":"product_cat-polos","7":"pa_brand-clique","8":"pa_brand-type-sportswear","9":"pa_filter-color-blau","10":"pa_filter-color-grau","11":"pa_filter-color-rot","12":"pa_filter-color-schwarz","13":"pa_filter-color-weiss","15":"first","16":"instock","17":"sale","18":"taxable","19":"shipping-taxable","20":"purchasable","21":"product-type-variable","22":"add-to-wishlist-before_image"},"exclude_global_add_ons":[],"addons":[],"acf":[],"_links":{"self":[{"href":"https:\/\/shop.kustom.ch\/en\/wp-json\/wp\/v2\/product\/491671"}],"collection":[{"href":"https:\/\/shop.kustom.ch\/en\/wp-json\/wp\/v2\/product"}],"about":[{"href":"https:\/\/shop.kustom.ch\/en\/wp-json\/wp\/v2\/types\/product"}],"wp:featuredmedia":[{"embeddable":true,"href":"https:\/\/shop.kustom.ch\/en\/wp-json\/wp\/v2\/media\/491694"}],"wp:attachment":[{"href":"https:\/\/shop.kustom.ch\/en\/wp-json\/wp\/v2\/media?parent=491671"}],"wp:term":[{"taxonomy":"product_brand","embeddable":true,"href":"https:\/\/shop.kustom.ch\/en\/wp-json\/wp\/v2\/product_brand?post=491671"},{"taxonomy":"product_cat","embeddable":true,"href":"https:\/\/shop.kustom.ch\/en\/wp-json\/wp\/v2\/product_cat?post=491671"},{"taxonomy":"product_tag","embeddable":true,"href":"https:\/\/shop.kustom.ch\/en\/wp-json\/wp\/v2\/product_tag?post=491671"}],"curies":[{"name":"wp","href":"https:\/\/api.w.org\/{rel}","templated":true}]}}