{"id":491400,"date":"2025-01-24T00:49:25","date_gmt":"2025-01-23T23:49:25","guid":{"rendered":"https:\/\/shop.kustom.ch\/?post_type=product&#038;p=491400"},"modified":"2026-03-31T13:20:20","modified_gmt":"2026-03-31T12:20:20","slug":"lindy","status":"publish","type":"product","link":"https:\/\/shop.kustom.ch\/en\/product\/lindy\/","title":{"rendered":"Lindy"},"content":{"rendered":"<p>A padded ladies' parka. Detachable and adjustable hood, lined with soft teddy fabric. Chest pocket with zip and two front pockets with magnets. Two inner zip pockets and two inner mesh pockets. Quilted inside and drawstring waist and hem. Velcro adjustable cuffs and inner 2\u00d72 ribbed cuffs. Headphone guide and a finishing zip in the lining. This parka goes perfectly with the Creston jacket. .<\/p>\n<p>Material: 100% nylon; Taslon; 70D*320D + PU, transparent coating. WP 5000\/MVP 3000.<\/p>","protected":false},"excerpt":{"rendered":"<p>Ein wattierter Damenparka. Abnehmbare und verstellbare Kapuze, gef\u00fcttert mit weichem Teddystoff. Brusttasche mit Reissverschluss und zwei Vordertaschen mit Magneten. Zwei innere Reissverschlusstaschen und zwei innere Netztaschen. Gesteppte Innenseite und Kordelzug in Taille und Saum. Mit Klettverschluss verstellbare \u00c4rmelb\u00fcndchen und innwendigem 2&#215;2 Rippenb\u00fcndchen. Kopfh\u00f6rerf\u00fchrung und ein Veredelungsreissverchluss im Futter. Dieser Parka passt perfekt zusammen mit der [&hellip;]<\/p>\n","protected":false},"featured_media":491440,"template":"","meta":[],"product_brand":[],"product_cat":[4186],"product_tag":[],"class_list":{"0":"post-491400","1":"product","2":"type-product","3":"status-publish","4":"has-post-thumbnail","6":"product_cat-jacken","7":"pa_brand-clique","8":"pa_brand-type-sportswear","9":"pa_filter-color-schwarz","11":"first","12":"instock","13":"sale","14":"taxable","15":"shipping-taxable","16":"purchasable","17":"product-type-variable","18":"add-to-wishlist-before_image"},"exclude_global_add_ons":[],"addons":[],"acf":[],"_links":{"self":[{"href":"https:\/\/shop.kustom.ch\/en\/wp-json\/wp\/v2\/product\/491400"}],"collection":[{"href":"https:\/\/shop.kustom.ch\/en\/wp-json\/wp\/v2\/product"}],"about":[{"href":"https:\/\/shop.kustom.ch\/en\/wp-json\/wp\/v2\/types\/product"}],"wp:featuredmedia":[{"embeddable":true,"href":"https:\/\/shop.kustom.ch\/en\/wp-json\/wp\/v2\/media\/491440"}],"wp:attachment":[{"href":"https:\/\/shop.kustom.ch\/en\/wp-json\/wp\/v2\/media?parent=491400"}],"wp:term":[{"taxonomy":"product_brand","embeddable":true,"href":"https:\/\/shop.kustom.ch\/en\/wp-json\/wp\/v2\/product_brand?post=491400"},{"taxonomy":"product_cat","embeddable":true,"href":"https:\/\/shop.kustom.ch\/en\/wp-json\/wp\/v2\/product_cat?post=491400"},{"taxonomy":"product_tag","embeddable":true,"href":"https:\/\/shop.kustom.ch\/en\/wp-json\/wp\/v2\/product_tag?post=491400"}],"curies":[{"name":"wp","href":"https:\/\/api.w.org\/{rel}","templated":true}]}}