{"id":491262,"date":"2025-01-24T00:48:42","date_gmt":"2025-01-23T23:48:42","guid":{"rendered":"https:\/\/shop.kustom.ch\/?post_type=product&#038;p=491262"},"modified":"2026-03-31T13:13:30","modified_gmt":"2026-03-31T12:13:30","slug":"laptop-bag","status":"publish","type":"product","link":"https:\/\/shop.kustom.ch\/en\/product\/laptop-bag\/","title":{"rendered":"Laptop Bag"},"content":{"rendered":"<p>Classic computer bag with a modern look for a 15\u2033 screen. Enough space to store all the necessary utensils. Technical zip and reflective zip. The shoulder strap is adjustable and has a shoulder pad. Dimensions and volume: 42x33x9cm \u2248 12.5L<\/p>\n<p>Material: Material: 300D Polyester ; Lining: 210D Polyester PU ; Bottom: 1680D Polyester<\/p>","protected":false},"excerpt":{"rendered":"<p>Klassische Computertasche im modernen Look f\u00fcr einen 15&#8243; Bildschirm. Gen\u00fcgend Platz um all die n\u00f6tigen Utensilien zu verstauen. Technischer Reissverschluss und reflektierendem Zipper. Der Schultergurt ist verstellbar und hat ein Schulterpolster. Abmessungen und Volumen: 42x33x9cm \u2248 12,5L Material: Material: 300D Polyester ; Futter: 210D Polyester PU ; Boden: 1680D Polyester<\/p>","protected":false},"featured_media":491311,"template":"","meta":[],"product_brand":[],"product_cat":[4195,4209],"product_tag":[],"class_list":{"0":"post-491262","1":"product","2":"type-product","3":"status-publish","4":"has-post-thumbnail","6":"product_cat-rucksaecke-taschen","7":"product_cat-zubehoer","8":"pa_brand-clique","9":"pa_brand-type-sportswear","10":"pa_filter-color-grau","12":"first","13":"instock","14":"sale","15":"taxable","16":"shipping-taxable","17":"purchasable","18":"product-type-variable","19":"add-to-wishlist-before_image"},"exclude_global_add_ons":[],"addons":[],"acf":[],"_links":{"self":[{"href":"https:\/\/shop.kustom.ch\/en\/wp-json\/wp\/v2\/product\/491262"}],"collection":[{"href":"https:\/\/shop.kustom.ch\/en\/wp-json\/wp\/v2\/product"}],"about":[{"href":"https:\/\/shop.kustom.ch\/en\/wp-json\/wp\/v2\/types\/product"}],"wp:featuredmedia":[{"embeddable":true,"href":"https:\/\/shop.kustom.ch\/en\/wp-json\/wp\/v2\/media\/491311"}],"wp:attachment":[{"href":"https:\/\/shop.kustom.ch\/en\/wp-json\/wp\/v2\/media?parent=491262"}],"wp:term":[{"taxonomy":"product_brand","embeddable":true,"href":"https:\/\/shop.kustom.ch\/en\/wp-json\/wp\/v2\/product_brand?post=491262"},{"taxonomy":"product_cat","embeddable":true,"href":"https:\/\/shop.kustom.ch\/en\/wp-json\/wp\/v2\/product_cat?post=491262"},{"taxonomy":"product_tag","embeddable":true,"href":"https:\/\/shop.kustom.ch\/en\/wp-json\/wp\/v2\/product_tag?post=491262"}],"curies":[{"name":"wp","href":"https:\/\/api.w.org\/{rel}","templated":true}]}}