{"id":490770,"date":"2025-01-24T00:46:28","date_gmt":"2025-01-23T23:46:28","guid":{"rendered":"https:\/\/shop.kustom.ch\/?post_type=product&#038;p=490770"},"modified":"2026-03-31T13:21:25","modified_gmt":"2026-03-31T12:21:25","slug":"hudson-women","status":"publish","type":"product","link":"https:\/\/shop.kustom.ch\/en\/product\/hudson-women\/","title":{"rendered":"Hudson Women"},"content":{"rendered":"<p>Modern quilted jacket with down-like padding. Three outer pockets with zips and headphone guide inside, the hood is detachable. Elasticated cuffs on the sleeves.<\/p>\n<p>Material: Outer material and lining: 100% polyester; down-like padding: 100% polyester<\/p>","protected":false},"excerpt":{"rendered":"<p>Moderne Steppjacke mit daunen\u00e4hnlicher Wattierung. Drei Aussentaschen mit Reissverschl\u00fcssen und Kopfh\u00f6rerf\u00fchrung Innen, die Kapuze ist abnehmbar. Elastischer Abschluss an den \u00c4rmeln. Material: Obermaterial und Futter: 100% Polyester ; Daunen\u00e4hnliche Wattierung: 100% Polyester<\/p>","protected":false},"featured_media":490775,"template":"","meta":[],"product_brand":[],"product_cat":[4186],"product_tag":[],"class_list":{"0":"post-490770","1":"product","2":"type-product","3":"status-publish","4":"has-post-thumbnail","6":"product_cat-jacken","7":"pa_brand-clique","8":"pa_brand-type-sportswear","9":"pa_filter-color-blau","10":"pa_filter-color-grau","11":"pa_filter-color-rot","12":"pa_filter-color-schwarz","14":"first","15":"instock","16":"sale","17":"taxable","18":"shipping-taxable","19":"purchasable","20":"product-type-variable","21":"add-to-wishlist-before_image"},"exclude_global_add_ons":[],"addons":[],"acf":[],"_links":{"self":[{"href":"https:\/\/shop.kustom.ch\/en\/wp-json\/wp\/v2\/product\/490770"}],"collection":[{"href":"https:\/\/shop.kustom.ch\/en\/wp-json\/wp\/v2\/product"}],"about":[{"href":"https:\/\/shop.kustom.ch\/en\/wp-json\/wp\/v2\/types\/product"}],"wp:featuredmedia":[{"embeddable":true,"href":"https:\/\/shop.kustom.ch\/en\/wp-json\/wp\/v2\/media\/490775"}],"wp:attachment":[{"href":"https:\/\/shop.kustom.ch\/en\/wp-json\/wp\/v2\/media?parent=490770"}],"wp:term":[{"taxonomy":"product_brand","embeddable":true,"href":"https:\/\/shop.kustom.ch\/en\/wp-json\/wp\/v2\/product_brand?post=490770"},{"taxonomy":"product_cat","embeddable":true,"href":"https:\/\/shop.kustom.ch\/en\/wp-json\/wp\/v2\/product_cat?post=490770"},{"taxonomy":"product_tag","embeddable":true,"href":"https:\/\/shop.kustom.ch\/en\/wp-json\/wp\/v2\/product_tag?post=490770"}],"curies":[{"name":"wp","href":"https:\/\/api.w.org\/{rel}","templated":true}]}}