{"id":490029,"date":"2025-01-24T00:42:45","date_gmt":"2025-01-23T23:42:45","guid":{"rendered":"https:\/\/shop.kustom.ch\/?post_type=product&#038;p=490029"},"modified":"2026-04-08T15:02:26","modified_gmt":"2026-04-08T14:02:26","slug":"fashion-top-women","status":"publish","type":"product","link":"https:\/\/shop.kustom.ch\/en\/product\/fashion-top-women\/","title":{"rendered":"Fashion Top Women"},"content":{"rendered":"<p>Ein modisches Damen T-Shirt mit lockerer Passform und Fl\u00fcgel\u00e4rmel. Mit verst\u00e4rktem Kragen und Nackenband. Ein leicht abnehmbares Etikett f\u00fcr Rebranding.<\/p>\n<p>Material: 100% Baumwolle ([95] Graumeliert: 85% Baumwolle, 15% Viskose)<\/p>\n","protected":false},"excerpt":{"rendered":"<p>Ein modisches Damen T-Shirt mit lockerer Passform und Fl\u00fcgel\u00e4rmel. Mit verst\u00e4rktem Kragen und Nackenband. Ein leicht abnehmbares Etikett f\u00fcr Rebranding. Material: 100% Baumwolle ([95] Graumeliert: 85% Baumwolle, 15% Viskose)<\/p>\n","protected":false},"featured_media":490048,"template":"","meta":[],"product_brand":[],"product_cat":[4201],"product_tag":[],"class_list":{"0":"post-490029","1":"product","2":"type-product","3":"status-publish","4":"has-post-thumbnail","6":"product_cat-t-shirts","7":"pa_brand-clique","8":"pa_brand-type-sportswear","9":"pa_filter-color-blau","10":"pa_filter-color-grau","11":"pa_filter-color-gruen","12":"pa_filter-color-pink","13":"pa_filter-color-schwarz","14":"pa_filter-color-weiss","16":"first","17":"instock","18":"sale","19":"taxable","20":"shipping-taxable","21":"purchasable","22":"product-type-variable","23":"add-to-wishlist-before_image"},"exclude_global_add_ons":[],"addons":[],"acf":[],"_links":{"self":[{"href":"https:\/\/shop.kustom.ch\/en\/wp-json\/wp\/v2\/product\/490029"}],"collection":[{"href":"https:\/\/shop.kustom.ch\/en\/wp-json\/wp\/v2\/product"}],"about":[{"href":"https:\/\/shop.kustom.ch\/en\/wp-json\/wp\/v2\/types\/product"}],"wp:featuredmedia":[{"embeddable":true,"href":"https:\/\/shop.kustom.ch\/en\/wp-json\/wp\/v2\/media\/490048"}],"wp:attachment":[{"href":"https:\/\/shop.kustom.ch\/en\/wp-json\/wp\/v2\/media?parent=490029"}],"wp:term":[{"taxonomy":"product_brand","embeddable":true,"href":"https:\/\/shop.kustom.ch\/en\/wp-json\/wp\/v2\/product_brand?post=490029"},{"taxonomy":"product_cat","embeddable":true,"href":"https:\/\/shop.kustom.ch\/en\/wp-json\/wp\/v2\/product_cat?post=490029"},{"taxonomy":"product_tag","embeddable":true,"href":"https:\/\/shop.kustom.ch\/en\/wp-json\/wp\/v2\/product_tag?post=490029"}],"curies":[{"name":"wp","href":"https:\/\/api.w.org\/{rel}","templated":true}]}}