{"id":489959,"date":"2025-01-24T00:42:19","date_gmt":"2025-01-23T23:42:19","guid":{"rendered":"https:\/\/shop.kustom.ch\/?post_type=product&#038;p=489959"},"modified":"2026-03-31T13:13:47","modified_gmt":"2026-03-31T12:13:47","slug":"elastic-belt","status":"publish","type":"product","link":"https:\/\/shop.kustom.ch\/en\/product\/elastic-belt\/","title":{"rendered":"Elastic Belt"},"content":{"rendered":"<p>Stretch belt made of polyester with metal buckle. Available in two lengths, suitable for men and women.<\/p>\n<p>Material: 53% polyester, 47% rubber in the elasticated area. PU coating at the ends. Buckle: 100% metal alloy (nickel-free).<\/p>","protected":false},"excerpt":{"rendered":"<p>Stretchg\u00fcrtel aus Polyester mit Metallschliesse. In zwei L\u00e4ngen, passt f\u00fcr Herren und Damen. Material: 53% Polyester, 47% Kautschuk im elastischen Bereich. PU-Beschichtung an den Enden. Schnalle: 100% Metalllegierung (nickelfrei).<\/p>","protected":false},"featured_media":490004,"template":"","meta":[],"product_brand":[],"product_cat":[4209],"product_tag":[],"class_list":{"0":"post-489959","1":"product","2":"type-product","3":"status-publish","4":"has-post-thumbnail","6":"product_cat-zubehoer","7":"pa_brand-clique","8":"pa_brand-type-sportswear","9":"pa_filter-color-blau","10":"pa_filter-color-schwarz","12":"first","13":"instock","14":"sale","15":"taxable","16":"shipping-taxable","17":"purchasable","18":"product-type-variable","19":"add-to-wishlist-before_image"},"exclude_global_add_ons":[],"addons":[],"acf":[],"_links":{"self":[{"href":"https:\/\/shop.kustom.ch\/en\/wp-json\/wp\/v2\/product\/489959"}],"collection":[{"href":"https:\/\/shop.kustom.ch\/en\/wp-json\/wp\/v2\/product"}],"about":[{"href":"https:\/\/shop.kustom.ch\/en\/wp-json\/wp\/v2\/types\/product"}],"wp:featuredmedia":[{"embeddable":true,"href":"https:\/\/shop.kustom.ch\/en\/wp-json\/wp\/v2\/media\/490004"}],"wp:attachment":[{"href":"https:\/\/shop.kustom.ch\/en\/wp-json\/wp\/v2\/media?parent=489959"}],"wp:term":[{"taxonomy":"product_brand","embeddable":true,"href":"https:\/\/shop.kustom.ch\/en\/wp-json\/wp\/v2\/product_brand?post=489959"},{"taxonomy":"product_cat","embeddable":true,"href":"https:\/\/shop.kustom.ch\/en\/wp-json\/wp\/v2\/product_cat?post=489959"},{"taxonomy":"product_tag","embeddable":true,"href":"https:\/\/shop.kustom.ch\/en\/wp-json\/wp\/v2\/product_tag?post=489959"}],"curies":[{"name":"wp","href":"https:\/\/api.w.org\/{rel}","templated":true}]}}