{"id":489958,"date":"2025-01-24T00:42:19","date_gmt":"2025-01-23T23:42:19","guid":{"rendered":"https:\/\/shop.kustom.ch\/?post_type=product&#038;p=489958"},"modified":"2026-03-31T13:20:14","modified_gmt":"2026-03-31T12:20:14","slug":"dumas-women","status":"publish","type":"product","link":"https:\/\/shop.kustom.ch\/en\/product\/dumas-women\/","title":{"rendered":"Dumas Women"},"content":{"rendered":"<p>A warmly padded jacket that is made for cold and dark conditions thanks to its reflective properties. The hood is detachable and adjustable. Waterproof SBS zips on chest and front pockets. Two large mesh inner pockets. Drawcord in the hem for men and women's version in the waist. Velcro adjustable cuffs with internal ribbed cuffs. Two zips in the lining make it easy to print or embroider.<\/p>\n<p>Material: 100 % polyester + TPU coating 50D*50D 100 % polyester with reflective coating; WP 5000\/MVP 3000.<\/p>","protected":false},"excerpt":{"rendered":"<p>Eine warm wattierte Jacke, die f\u00fcr kalte und dunkle Bedingungen gemacht ist, dank den reflektierenden Eigenschaften. Die Kapuze ist abnehmbar und verstellbar. Wasserdichte SBS-Reissverschl\u00fcsse an Brust- und Fronttaschen. Zwei grosse Netz Innentaschen. Kordelzug im Saum f\u00fcr Herren und Damenversion in der Taille. Mit Klettverschluss verstellbare \u00c4rmelb\u00fcndchen mit innenliegendem Rippenb\u00fcndchen. Zwei Reissverschl\u00fcsse im Futter erleichtern das [&hellip;]<\/p>\n","protected":false},"featured_media":489997,"template":"","meta":[],"product_brand":[],"product_cat":[4186],"product_tag":[],"class_list":{"0":"post-489958","1":"product","2":"type-product","3":"status-publish","4":"has-post-thumbnail","6":"product_cat-jacken","7":"pa_brand-clique","8":"pa_brand-type-sportswear","9":"pa_filter-color-weiss","11":"first","12":"instock","13":"sale","14":"taxable","15":"shipping-taxable","16":"purchasable","17":"product-type-variable","18":"add-to-wishlist-before_image"},"exclude_global_add_ons":[],"addons":[],"acf":[],"_links":{"self":[{"href":"https:\/\/shop.kustom.ch\/en\/wp-json\/wp\/v2\/product\/489958"}],"collection":[{"href":"https:\/\/shop.kustom.ch\/en\/wp-json\/wp\/v2\/product"}],"about":[{"href":"https:\/\/shop.kustom.ch\/en\/wp-json\/wp\/v2\/types\/product"}],"wp:featuredmedia":[{"embeddable":true,"href":"https:\/\/shop.kustom.ch\/en\/wp-json\/wp\/v2\/media\/489997"}],"wp:attachment":[{"href":"https:\/\/shop.kustom.ch\/en\/wp-json\/wp\/v2\/media?parent=489958"}],"wp:term":[{"taxonomy":"product_brand","embeddable":true,"href":"https:\/\/shop.kustom.ch\/en\/wp-json\/wp\/v2\/product_brand?post=489958"},{"taxonomy":"product_cat","embeddable":true,"href":"https:\/\/shop.kustom.ch\/en\/wp-json\/wp\/v2\/product_cat?post=489958"},{"taxonomy":"product_tag","embeddable":true,"href":"https:\/\/shop.kustom.ch\/en\/wp-json\/wp\/v2\/product_tag?post=489958"}],"curies":[{"name":"wp","href":"https:\/\/api.w.org\/{rel}","templated":true}]}}