{"id":488943,"date":"2025-01-24T00:37:58","date_gmt":"2025-01-23T23:37:58","guid":{"rendered":"https:\/\/shop.kustom.ch\/?post_type=product&#038;p=488943"},"modified":"2026-03-31T13:17:52","modified_gmt":"2026-03-31T12:17:52","slug":"classic-oc-t-junior","status":"publish","type":"product","link":"https:\/\/shop.kustom.ch\/en\/product\/classic-oc-t-junior\/","title":{"rendered":"Classic OC-T Junior"},"content":{"rendered":"<p>Modern version of a classic T-shirt made from 100% organic cotton. This T-shirt with side seams has a 1\u00d71 ribbed collar, a reinforced neck tape and reinforced shoulder seams. The label on the collar can be easily removed. The garment has been pre-shrunk and enzyme treated.<\/p>\n<p>Material: 100% organic cotton<\/p>","protected":false},"excerpt":{"rendered":"<p>Moderne Version eines klassischen T-Shirts aus 100% Bio-Baumwolle. Dieses T-Shirt mit Seitenn\u00e4hten hat einen 1&#215;1 gerippten Kragen, ein verst\u00e4rktes Nackenband und verst\u00e4rkte Schultern\u00e4hte. Die Etikette am Kragen kann einfach entfernt werden. Das Kleidungsst\u00fcck wurde vorgeschrumpft und enzymbehandelt. Material: 100% Organic Baumwolle<\/p>","protected":false},"featured_media":489002,"template":"","meta":[],"product_brand":[],"product_cat":[4201],"product_tag":[],"class_list":{"0":"post-488943","1":"product","2":"type-product","3":"status-publish","4":"has-post-thumbnail","6":"product_cat-t-shirts","7":"pa_brand-clique","8":"pa_brand-type-sportswear","9":"pa_filter-color-schwarz","10":"pa_filter-color-weiss","12":"first","13":"instock","14":"sale","15":"taxable","16":"shipping-taxable","17":"purchasable","18":"product-type-variable","19":"add-to-wishlist-before_image"},"exclude_global_add_ons":[],"addons":[],"acf":[],"_links":{"self":[{"href":"https:\/\/shop.kustom.ch\/en\/wp-json\/wp\/v2\/product\/488943"}],"collection":[{"href":"https:\/\/shop.kustom.ch\/en\/wp-json\/wp\/v2\/product"}],"about":[{"href":"https:\/\/shop.kustom.ch\/en\/wp-json\/wp\/v2\/types\/product"}],"wp:featuredmedia":[{"embeddable":true,"href":"https:\/\/shop.kustom.ch\/en\/wp-json\/wp\/v2\/media\/489002"}],"wp:attachment":[{"href":"https:\/\/shop.kustom.ch\/en\/wp-json\/wp\/v2\/media?parent=488943"}],"wp:term":[{"taxonomy":"product_brand","embeddable":true,"href":"https:\/\/shop.kustom.ch\/en\/wp-json\/wp\/v2\/product_brand?post=488943"},{"taxonomy":"product_cat","embeddable":true,"href":"https:\/\/shop.kustom.ch\/en\/wp-json\/wp\/v2\/product_cat?post=488943"},{"taxonomy":"product_tag","embeddable":true,"href":"https:\/\/shop.kustom.ch\/en\/wp-json\/wp\/v2\/product_tag?post=488943"}],"curies":[{"name":"wp","href":"https:\/\/api.w.org\/{rel}","templated":true}]}}