{"id":487638,"date":"2025-01-24T00:33:07","date_gmt":"2025-01-23T23:33:07","guid":{"rendered":"https:\/\/shop.kustom.ch\/?post_type=product&#038;p=487638"},"modified":"2026-03-31T13:13:51","modified_gmt":"2026-03-31T12:13:51","slug":"city-backpack","status":"publish","type":"product","link":"https:\/\/shop.kustom.ch\/en\/product\/city-backpack\/","title":{"rendered":"City Backpack"},"content":{"rendered":"<p>The useful rucksack for every city trip. One main compartment and an extra padded computer compartment for a 15\u2033 screen. A large outer compartment with organiser, a safety compartment on the back and the hidden pocket in the base make this backpack a workhorse. Still comfortable to carry thanks to the adjustable and padded shoulder straps. Dimensions and volume: 34.5x47x15.5cm \u2248 25L<\/p>\n<p>Material: Material: 300D Polyester ; Lining: 210D Polyester PU ; Bottom: 1680D Polyester<\/p>","protected":false},"excerpt":{"rendered":"<p>Der n\u00fctzliche Rucksack f\u00fcr jeden City Trip. Ein Hauptfach und ein extra gepolstertes Computerfach f\u00fcr 15&#8243; Bildschirm. Ein grosses Aussenfach mit Organiser, ein Sicherheitsfach am R\u00fccken und die versteckte Tasche im Boden machen diesen Rucksack zu einem Arbeitstier. Dank den verstellbaren und gepolsterten Schulterriemen trotzdem bequem zu tragen. Abmessungen und Volumen: 34,5x47x15,5cm \u2248 25L Material: [&hellip;]<\/p>\n","protected":false},"featured_media":487696,"template":"","meta":[],"product_brand":[],"product_cat":[4195,4209],"product_tag":[],"class_list":{"0":"post-487638","1":"product","2":"type-product","3":"status-publish","4":"has-post-thumbnail","6":"product_cat-rucksaecke-taschen","7":"product_cat-zubehoer","8":"pa_brand-clique","9":"pa_brand-type-sportswear","10":"pa_filter-color-grau","12":"first","13":"instock","14":"sale","15":"taxable","16":"shipping-taxable","17":"purchasable","18":"product-type-variable","19":"add-to-wishlist-before_image"},"exclude_global_add_ons":[],"addons":[],"acf":[],"_links":{"self":[{"href":"https:\/\/shop.kustom.ch\/en\/wp-json\/wp\/v2\/product\/487638"}],"collection":[{"href":"https:\/\/shop.kustom.ch\/en\/wp-json\/wp\/v2\/product"}],"about":[{"href":"https:\/\/shop.kustom.ch\/en\/wp-json\/wp\/v2\/types\/product"}],"wp:featuredmedia":[{"embeddable":true,"href":"https:\/\/shop.kustom.ch\/en\/wp-json\/wp\/v2\/media\/487696"}],"wp:attachment":[{"href":"https:\/\/shop.kustom.ch\/en\/wp-json\/wp\/v2\/media?parent=487638"}],"wp:term":[{"taxonomy":"product_brand","embeddable":true,"href":"https:\/\/shop.kustom.ch\/en\/wp-json\/wp\/v2\/product_brand?post=487638"},{"taxonomy":"product_cat","embeddable":true,"href":"https:\/\/shop.kustom.ch\/en\/wp-json\/wp\/v2\/product_cat?post=487638"},{"taxonomy":"product_tag","embeddable":true,"href":"https:\/\/shop.kustom.ch\/en\/wp-json\/wp\/v2\/product_tag?post=487638"}],"curies":[{"name":"wp","href":"https:\/\/api.w.org\/{rel}","templated":true}]}}