{"id":487294,"date":"2025-01-24T00:31:41","date_gmt":"2025-01-23T23:31:41","guid":{"rendered":"https:\/\/shop.kustom.ch\/?post_type=product&#038;p=487294"},"modified":"2026-03-31T13:10:38","modified_gmt":"2026-03-31T12:10:38","slug":"basic-t-women","status":"publish","type":"product","link":"https:\/\/shop.kustom.ch\/en\/product\/basic-t-women\/","title":{"rendered":"Basic-T Women"},"content":{"rendered":"<p>Leichtes T-Shirt schmal geschnitten mit Nackenband, Kragen ist mit Elasthan versetzt, verst\u00e4rkte Schultern\u00e4hte. Herren ist rundgestrickt, Damen mit Seitenn\u00e4hten.<\/p>\n<p>Material: 100% gek\u00e4mmte Baumwolle (Graumeliert [95]: 85% Baumwolle, 15% Viskose)<\/p>\n","protected":false},"excerpt":{"rendered":"<p>Leichtes T-Shirt schmal geschnitten mit Nackenband, Kragen ist mit Elasthan versetzt, verst\u00e4rkte Schultern\u00e4hte. Herren ist rundgestrickt, Damen mit Seitenn\u00e4hten. Material: 100% gek\u00e4mmte Baumwolle (Graumeliert [95]: 85% Baumwolle, 15% Viskose)<\/p>\n","protected":false},"featured_media":487326,"template":"","meta":[],"product_brand":[],"product_cat":[4201],"product_tag":[],"class_list":{"0":"post-487294","1":"product","2":"type-product","3":"status-publish","4":"has-post-thumbnail","6":"product_cat-t-shirts","7":"pa_brand-clique","8":"pa_brand-type-sportswear","9":"pa_filter-color-blau","10":"pa_filter-color-gelb","11":"pa_filter-color-grau","12":"pa_filter-color-gruen","13":"pa_filter-color-orange","14":"pa_filter-color-pink","15":"pa_filter-color-rot","16":"pa_filter-color-schwarz","17":"pa_filter-color-weiss","19":"first","20":"instock","21":"sale","22":"taxable","23":"shipping-taxable","24":"purchasable","25":"product-type-variable","26":"add-to-wishlist-before_image"},"exclude_global_add_ons":[],"addons":[],"acf":[],"_links":{"self":[{"href":"https:\/\/shop.kustom.ch\/en\/wp-json\/wp\/v2\/product\/487294"}],"collection":[{"href":"https:\/\/shop.kustom.ch\/en\/wp-json\/wp\/v2\/product"}],"about":[{"href":"https:\/\/shop.kustom.ch\/en\/wp-json\/wp\/v2\/types\/product"}],"wp:featuredmedia":[{"embeddable":true,"href":"https:\/\/shop.kustom.ch\/en\/wp-json\/wp\/v2\/media\/487326"}],"wp:attachment":[{"href":"https:\/\/shop.kustom.ch\/en\/wp-json\/wp\/v2\/media?parent=487294"}],"wp:term":[{"taxonomy":"product_brand","embeddable":true,"href":"https:\/\/shop.kustom.ch\/en\/wp-json\/wp\/v2\/product_brand?post=487294"},{"taxonomy":"product_cat","embeddable":true,"href":"https:\/\/shop.kustom.ch\/en\/wp-json\/wp\/v2\/product_cat?post=487294"},{"taxonomy":"product_tag","embeddable":true,"href":"https:\/\/shop.kustom.ch\/en\/wp-json\/wp\/v2\/product_tag?post=487294"}],"curies":[{"name":"wp","href":"https:\/\/api.w.org\/{rel}","templated":true}]}}