{"id":486047,"date":"2025-01-24T00:26:53","date_gmt":"2025-01-23T23:26:53","guid":{"rendered":"https:\/\/shop.kustom.ch\/?post_type=product&#038;p=486047"},"modified":"2026-03-31T13:20:26","modified_gmt":"2026-03-31T12:20:26","slug":"basic-polo-sweater","status":"publish","type":"product","link":"https:\/\/shop.kustom.ch\/en\/product\/basic-polo-sweater\/","title":{"rendered":"Basic Polo Sweater"},"content":{"rendered":"<p>Basic jumper with polo collar and 3 tone-on-tone buttons. Soft but durable material for intensive washing. Anti-pilling treatment, ribbed cuffs and twill neck tape.<\/p>\n<p>Material: 65% polyester, 35% cotton<\/p>","protected":false},"excerpt":{"rendered":"<p>Basic Sweater mit Polokragen und 3 Ton-in-Ton Kn\u00f6pfen. Weiches, aber widerstandsf\u00e4higes Material f\u00fcr intensives Waschen. Anti-pilling Behandlung, Rippenb\u00fcndchen und Twill Nackenband. Material: 65% Polyester, 35% Baumwolle<\/p>","protected":false},"featured_media":486102,"template":"","meta":[],"product_brand":[],"product_cat":[4191],"product_tag":[],"class_list":{"0":"post-486047","1":"product","2":"type-product","3":"status-publish","4":"has-post-thumbnail","6":"product_cat-longsleeves-sweatshirts","7":"pa_brand-clique","8":"pa_brand-type-sportswear","9":"pa_filter-color-blau","10":"pa_filter-color-grau","11":"pa_filter-color-schwarz","13":"first","14":"instock","15":"sale","16":"taxable","17":"shipping-taxable","18":"purchasable","19":"product-type-variable","20":"add-to-wishlist-before_image"},"exclude_global_add_ons":[],"addons":[],"acf":[],"_links":{"self":[{"href":"https:\/\/shop.kustom.ch\/en\/wp-json\/wp\/v2\/product\/486047"}],"collection":[{"href":"https:\/\/shop.kustom.ch\/en\/wp-json\/wp\/v2\/product"}],"about":[{"href":"https:\/\/shop.kustom.ch\/en\/wp-json\/wp\/v2\/types\/product"}],"wp:featuredmedia":[{"embeddable":true,"href":"https:\/\/shop.kustom.ch\/en\/wp-json\/wp\/v2\/media\/486102"}],"wp:attachment":[{"href":"https:\/\/shop.kustom.ch\/en\/wp-json\/wp\/v2\/media?parent=486047"}],"wp:term":[{"taxonomy":"product_brand","embeddable":true,"href":"https:\/\/shop.kustom.ch\/en\/wp-json\/wp\/v2\/product_brand?post=486047"},{"taxonomy":"product_cat","embeddable":true,"href":"https:\/\/shop.kustom.ch\/en\/wp-json\/wp\/v2\/product_cat?post=486047"},{"taxonomy":"product_tag","embeddable":true,"href":"https:\/\/shop.kustom.ch\/en\/wp-json\/wp\/v2\/product_tag?post=486047"}],"curies":[{"name":"wp","href":"https:\/\/api.w.org\/{rel}","templated":true}]}}