{"id":485352,"date":"2025-01-24T00:24:20","date_gmt":"2025-01-23T23:24:20","guid":{"rendered":"https:\/\/shop.kustom.ch\/?post_type=product&#038;p=485352"},"modified":"2026-03-31T13:10:14","modified_gmt":"2026-03-31T12:10:14","slug":"basic-hoody-junior","status":"publish","type":"product","link":"https:\/\/shop.kustom.ch\/en\/product\/basic-hoody-junior\/","title":{"rendered":"Basic Hoody Junior"},"content":{"rendered":"<p>Ein leichter Kapuzensweater. K\u00e4nguru Tasche mit Extrafach f\u00fcr Smartphone und Kopfh\u00f6rerf\u00fchrung. Rippenb\u00fcndchen an den \u00c4rmeln und am Bund.<\/p>\n<p>Material: 65% Polyester, 35% Baumwolle (HV[11] und [170]: 85% Polyester, 15% Baumwolle)<\/p>\n","protected":false},"excerpt":{"rendered":"<p>Ein leichter Kapuzensweater. K\u00e4nguru Tasche mit Extrafach f\u00fcr Smartphone und Kopfh\u00f6rerf\u00fchrung. Rippenb\u00fcndchen an den \u00c4rmeln und am Bund. Material: 65% Polyester, 35% Baumwolle (HV[11] und [170]: 85% Polyester, 15% Baumwolle)<\/p>\n","protected":false},"featured_media":485392,"template":"","meta":[],"product_brand":[],"product_cat":[4184],"product_tag":[],"class_list":{"0":"post-485352","1":"product","2":"type-product","3":"status-publish","4":"has-post-thumbnail","6":"product_cat-hoodies-pullover","7":"pa_brand-clique","8":"pa_brand-type-sportswear","9":"pa_filter-color-blau","10":"pa_filter-color-grau","11":"pa_filter-color-gruen","12":"pa_filter-color-rot","13":"pa_filter-color-schwarz","14":"pa_filter-color-weiss","16":"first","17":"instock","18":"sale","19":"taxable","20":"shipping-taxable","21":"purchasable","22":"product-type-variable","23":"add-to-wishlist-before_image"},"exclude_global_add_ons":[],"addons":[],"acf":[],"_links":{"self":[{"href":"https:\/\/shop.kustom.ch\/en\/wp-json\/wp\/v2\/product\/485352"}],"collection":[{"href":"https:\/\/shop.kustom.ch\/en\/wp-json\/wp\/v2\/product"}],"about":[{"href":"https:\/\/shop.kustom.ch\/en\/wp-json\/wp\/v2\/types\/product"}],"wp:featuredmedia":[{"embeddable":true,"href":"https:\/\/shop.kustom.ch\/en\/wp-json\/wp\/v2\/media\/485392"}],"wp:attachment":[{"href":"https:\/\/shop.kustom.ch\/en\/wp-json\/wp\/v2\/media?parent=485352"}],"wp:term":[{"taxonomy":"product_brand","embeddable":true,"href":"https:\/\/shop.kustom.ch\/en\/wp-json\/wp\/v2\/product_brand?post=485352"},{"taxonomy":"product_cat","embeddable":true,"href":"https:\/\/shop.kustom.ch\/en\/wp-json\/wp\/v2\/product_cat?post=485352"},{"taxonomy":"product_tag","embeddable":true,"href":"https:\/\/shop.kustom.ch\/en\/wp-json\/wp\/v2\/product_tag?post=485352"}],"curies":[{"name":"wp","href":"https:\/\/api.w.org\/{rel}","templated":true}]}}