{"id":485216,"date":"2025-01-24T00:23:53","date_gmt":"2025-01-23T23:23:53","guid":{"rendered":"https:\/\/shop.kustom.ch\/?post_type=product&#038;p=485216"},"modified":"2026-03-31T13:07:11","modified_gmt":"2026-03-31T12:07:11","slug":"basic-hoody-full-zip","status":"publish","type":"product","link":"https:\/\/shop.kustom.ch\/en\/product\/basic-hoody-full-zip\/","title":{"rendered":"Basic Hoody Full Zip"},"content":{"rendered":"<p>Sweat jacket with hood. Antistatic tone-on-tone zip and kangaroo pocket with extra compartment for smartphone and headphone guide inside. Elasticated ribbed cuffs and waistband.<\/p>\n<p>Material: 65% polyester, 35% cotton<\/p>","protected":false},"excerpt":{"rendered":"<p>Sweatjacke mit Kapuze. Antistatischer Reissverschluss Ton-in-Ton und K\u00e4nguru Tasche mit Extrafach f\u00fcr Smartphone und Kopfh\u00f6rerf\u00fchrung Innen. Elastische Rippenb\u00fcndchen an den \u00c4rmeln und am Bund. Material: 65% Polyester, 35% Baumwolle<\/p>","protected":false},"featured_media":485249,"template":"","meta":[],"product_brand":[],"product_cat":[4184],"product_tag":[],"class_list":{"0":"post-485216","1":"product","2":"type-product","3":"status-publish","4":"has-post-thumbnail","6":"product_cat-hoodies-pullover","7":"pa_brand-clique","8":"pa_brand-type-sportswear","9":"pa_filter-color-blau","10":"pa_filter-color-grau","11":"pa_filter-color-gruen","12":"pa_filter-color-rot","13":"pa_filter-color-schwarz","14":"pa_filter-color-weiss","16":"first","17":"instock","18":"sale","19":"taxable","20":"shipping-taxable","21":"purchasable","22":"product-type-variable","23":"add-to-wishlist-before_image"},"exclude_global_add_ons":[],"addons":[],"acf":[],"_links":{"self":[{"href":"https:\/\/shop.kustom.ch\/en\/wp-json\/wp\/v2\/product\/485216"}],"collection":[{"href":"https:\/\/shop.kustom.ch\/en\/wp-json\/wp\/v2\/product"}],"about":[{"href":"https:\/\/shop.kustom.ch\/en\/wp-json\/wp\/v2\/types\/product"}],"wp:featuredmedia":[{"embeddable":true,"href":"https:\/\/shop.kustom.ch\/en\/wp-json\/wp\/v2\/media\/485249"}],"wp:attachment":[{"href":"https:\/\/shop.kustom.ch\/en\/wp-json\/wp\/v2\/media?parent=485216"}],"wp:term":[{"taxonomy":"product_brand","embeddable":true,"href":"https:\/\/shop.kustom.ch\/en\/wp-json\/wp\/v2\/product_brand?post=485216"},{"taxonomy":"product_cat","embeddable":true,"href":"https:\/\/shop.kustom.ch\/en\/wp-json\/wp\/v2\/product_cat?post=485216"},{"taxonomy":"product_tag","embeddable":true,"href":"https:\/\/shop.kustom.ch\/en\/wp-json\/wp\/v2\/product_tag?post=485216"}],"curies":[{"name":"wp","href":"https:\/\/api.w.org\/{rel}","templated":true}]}}