{"id":485011,"date":"2025-01-24T00:23:13","date_gmt":"2025-01-23T23:23:13","guid":{"rendered":"https:\/\/shop.kustom.ch\/?post_type=product&#038;p=485011"},"modified":"2026-03-31T13:06:46","modified_gmt":"2026-03-31T12:06:46","slug":"basic-hoody","status":"publish","type":"product","link":"https:\/\/shop.kustom.ch\/en\/product\/basic-hoody\/","title":{"rendered":"Basic Hoody"},"content":{"rendered":"<p>Ein leichter Kapuzensweater. Elastische Kordel in der Kapuze, K\u00e4nguru Tasche mit Extrafach f\u00fcr Smartphone und Kopfh\u00f6rerf\u00fchrung. Rippenb\u00fcndchen an den \u00c4rmeln und am Bund.<\/p>\n<p>Material: 65% Polyester, 35% Baumwolle (HV [11], [170]: 85% Polyester, 15% Baumwolle)<\/p>\n","protected":false},"excerpt":{"rendered":"<p>Ein leichter Kapuzensweater. Elastische Kordel in der Kapuze, K\u00e4nguru Tasche mit Extrafach f\u00fcr Smartphone und Kopfh\u00f6rerf\u00fchrung. Rippenb\u00fcndchen an den \u00c4rmeln und am Bund. Material: 65% Polyester, 35% Baumwolle (HV [11], [170]: 85% Polyester, 15% Baumwolle)<\/p>\n","protected":false},"featured_media":485050,"template":"","meta":[],"product_brand":[],"product_cat":[4184],"product_tag":[],"class_list":{"0":"post-485011","1":"product","2":"type-product","3":"status-publish","4":"has-post-thumbnail","6":"product_cat-hoodies-pullover","7":"pa_brand-clique","8":"pa_brand-type-sportswear","9":"pa_filter-color-beige","10":"pa_filter-color-blau","11":"pa_filter-color-gelb","12":"pa_filter-color-grau","13":"pa_filter-color-gruen","14":"pa_filter-color-orange","15":"pa_filter-color-pink","16":"pa_filter-color-rot","17":"pa_filter-color-schwarz","18":"pa_filter-color-violet","19":"pa_filter-color-weiss","21":"first","22":"instock","23":"sale","24":"taxable","25":"shipping-taxable","26":"purchasable","27":"product-type-variable","28":"add-to-wishlist-before_image"},"exclude_global_add_ons":[],"addons":[],"acf":[],"_links":{"self":[{"href":"https:\/\/shop.kustom.ch\/en\/wp-json\/wp\/v2\/product\/485011"}],"collection":[{"href":"https:\/\/shop.kustom.ch\/en\/wp-json\/wp\/v2\/product"}],"about":[{"href":"https:\/\/shop.kustom.ch\/en\/wp-json\/wp\/v2\/types\/product"}],"wp:featuredmedia":[{"embeddable":true,"href":"https:\/\/shop.kustom.ch\/en\/wp-json\/wp\/v2\/media\/485050"}],"wp:attachment":[{"href":"https:\/\/shop.kustom.ch\/en\/wp-json\/wp\/v2\/media?parent=485011"}],"wp:term":[{"taxonomy":"product_brand","embeddable":true,"href":"https:\/\/shop.kustom.ch\/en\/wp-json\/wp\/v2\/product_brand?post=485011"},{"taxonomy":"product_cat","embeddable":true,"href":"https:\/\/shop.kustom.ch\/en\/wp-json\/wp\/v2\/product_cat?post=485011"},{"taxonomy":"product_tag","embeddable":true,"href":"https:\/\/shop.kustom.ch\/en\/wp-json\/wp\/v2\/product_tag?post=485011"}],"curies":[{"name":"wp","href":"https:\/\/api.w.org\/{rel}","templated":true}]}}