{"id":484446,"date":"2025-01-24T00:20:59","date_gmt":"2025-01-23T23:20:59","guid":{"rendered":"https:\/\/shop.kustom.ch\/?post_type=product&#038;p=484446"},"modified":"2026-03-31T13:14:25","modified_gmt":"2026-03-31T12:14:25","slug":"basic-active-shorts-junior","status":"publish","type":"product","link":"https:\/\/shop.kustom.ch\/en\/product\/basic-active-shorts-junior\/","title":{"rendered":"Basic Active Shorts Junior"},"content":{"rendered":"<p>Junior shorts with spun dyed colouring and interlock fabric. Two front pockets and a coin pocket on the inside. Elasticated waist and drawstring. An easily removable label for rebranding.<\/p>\n<p>Material: 100% polyester<\/p>","protected":false},"excerpt":{"rendered":"<p>Eine Junior Shorts mit Spun Dyed Einf\u00e4rbung und Interlock Gewebe. Zwei Vordertaschen und eine M\u00fcnztasche auf der Innenseite. Gummizug und Kordelzug in der Taille. Ein leicht abnehmbares Etikett f\u00fcr Rebranding. Material: 100% Polyester<\/p>","protected":false},"featured_media":484449,"template":"","meta":[],"product_brand":[],"product_cat":[4198],"product_tag":[],"class_list":{"0":"post-484446","1":"product","2":"type-product","3":"status-publish","4":"has-post-thumbnail","6":"product_cat-shorts","7":"pa_brand-clique","8":"pa_brand-type-sportswear","9":"pa_filter-color-blau","10":"pa_filter-color-grau","11":"pa_filter-color-schwarz","12":"pa_filter-color-weiss","14":"first","15":"instock","16":"sale","17":"taxable","18":"shipping-taxable","19":"purchasable","20":"product-type-variable","21":"add-to-wishlist-before_image"},"exclude_global_add_ons":[],"addons":[],"acf":[],"_links":{"self":[{"href":"https:\/\/shop.kustom.ch\/en\/wp-json\/wp\/v2\/product\/484446"}],"collection":[{"href":"https:\/\/shop.kustom.ch\/en\/wp-json\/wp\/v2\/product"}],"about":[{"href":"https:\/\/shop.kustom.ch\/en\/wp-json\/wp\/v2\/types\/product"}],"wp:featuredmedia":[{"embeddable":true,"href":"https:\/\/shop.kustom.ch\/en\/wp-json\/wp\/v2\/media\/484449"}],"wp:attachment":[{"href":"https:\/\/shop.kustom.ch\/en\/wp-json\/wp\/v2\/media?parent=484446"}],"wp:term":[{"taxonomy":"product_brand","embeddable":true,"href":"https:\/\/shop.kustom.ch\/en\/wp-json\/wp\/v2\/product_brand?post=484446"},{"taxonomy":"product_cat","embeddable":true,"href":"https:\/\/shop.kustom.ch\/en\/wp-json\/wp\/v2\/product_cat?post=484446"},{"taxonomy":"product_tag","embeddable":true,"href":"https:\/\/shop.kustom.ch\/en\/wp-json\/wp\/v2\/product_tag?post=484446"}],"curies":[{"name":"wp","href":"https:\/\/api.w.org\/{rel}","templated":true}]}}