{"id":484104,"date":"2025-01-24T00:19:43","date_gmt":"2025-01-23T23:19:43","guid":{"rendered":"https:\/\/shop.kustom.ch\/?post_type=product&#038;p=484104"},"modified":"2026-03-31T13:14:08","modified_gmt":"2026-03-31T12:14:08","slug":"basic-active-hoody-full-zip","status":"publish","type":"product","link":"https:\/\/shop.kustom.ch\/en\/product\/basic-active-hoody-full-zip\/","title":{"rendered":"Basic Active Hoody Full Zip"},"content":{"rendered":"<p>A sporty hooded jacket with spun dyed colouring. Tone-on-tone zip, two zipped front pockets and one on the sleeve. Flat drawstring in the hood, herringbone neck tape and elasticated ribbed cuffs and waistband (men). Headphone guide inside. One easily removable label for rebranding.<\/p>\n<p>Material: 100% polyester<\/p>","protected":false},"excerpt":{"rendered":"<p>Eine sportliche Kapuzenjacke mit Spun Dyed Einf\u00e4rbung. Ton-in-Ton Reissverschluss, zwei Taschen mit Reissverschluss vorne und eine am \u00c4rmel. Flacher Kordelzug in der Kapuze, Fischgr\u00e4t Nackenband und elastische Rippenb\u00fcndchen an den \u00c4rmel und am Bund(Herren). Kopfh\u00f6rerf\u00fchrung Innen. Ein leicht abnehmbares Etikett f\u00fcr Rebranding. Material: 100% Polyester<\/p>","protected":false},"featured_media":484125,"template":"","meta":[],"product_brand":[],"product_cat":[4184],"product_tag":[],"class_list":{"0":"post-484104","1":"product","2":"type-product","3":"status-publish","4":"has-post-thumbnail","6":"product_cat-hoodies-pullover","7":"pa_brand-clique","8":"pa_brand-type-sportswear","9":"pa_filter-color-blau","10":"pa_filter-color-grau","11":"pa_filter-color-rot","12":"pa_filter-color-schwarz","13":"pa_filter-color-weiss","15":"first","16":"instock","17":"sale","18":"taxable","19":"shipping-taxable","20":"purchasable","21":"product-type-variable","22":"add-to-wishlist-before_image"},"exclude_global_add_ons":[],"addons":[],"acf":[],"_links":{"self":[{"href":"https:\/\/shop.kustom.ch\/en\/wp-json\/wp\/v2\/product\/484104"}],"collection":[{"href":"https:\/\/shop.kustom.ch\/en\/wp-json\/wp\/v2\/product"}],"about":[{"href":"https:\/\/shop.kustom.ch\/en\/wp-json\/wp\/v2\/types\/product"}],"wp:featuredmedia":[{"embeddable":true,"href":"https:\/\/shop.kustom.ch\/en\/wp-json\/wp\/v2\/media\/484125"}],"wp:attachment":[{"href":"https:\/\/shop.kustom.ch\/en\/wp-json\/wp\/v2\/media?parent=484104"}],"wp:term":[{"taxonomy":"product_brand","embeddable":true,"href":"https:\/\/shop.kustom.ch\/en\/wp-json\/wp\/v2\/product_brand?post=484104"},{"taxonomy":"product_cat","embeddable":true,"href":"https:\/\/shop.kustom.ch\/en\/wp-json\/wp\/v2\/product_cat?post=484104"},{"taxonomy":"product_tag","embeddable":true,"href":"https:\/\/shop.kustom.ch\/en\/wp-json\/wp\/v2\/product_tag?post=484104"}],"curies":[{"name":"wp","href":"https:\/\/api.w.org\/{rel}","templated":true}]}}