{"id":483890,"date":"2025-01-24T00:18:46","date_gmt":"2025-01-23T23:18:46","guid":{"rendered":"https:\/\/shop.kustom.ch\/?post_type=product&#038;p=483890"},"modified":"2026-03-31T13:13:04","modified_gmt":"2026-03-31T12:13:04","slug":"backpack-ii","status":"publish","type":"product","link":"https:\/\/shop.kustom.ch\/en\/product\/backpack-ii\/","title":{"rendered":"Backpack II"},"content":{"rendered":"<p>Practical rucksack for sporting activities, adjustable, padded straps, sturdy rubber handle, reinforced back, reflective strips, pocket with colour-contrasting zip at the front, several small compartments, special mobile phone pocket. Dimensions and volume: 46x28x13cm \u2248 16L<\/p>\n<p>Material: 600D polyester with PVC coating<\/p>","protected":false},"excerpt":{"rendered":"<p>Praktischer Rucksack f\u00fcr sportliche Aktivit\u00e4ten, einstellbare, gepolsterte Tr\u00e4ger, stabiler Gummigriff, verst\u00e4rkter R\u00fccken, Reflektorstreifen, Tasche mit farblich abgesetztem Reissverschluss vorne, mehrere kleine F\u00e4cher, spezielle Handytasche. Abmessungen und Volumen: 46x28x13cm \u2248 16L Material: 600D Polyester mit PVC Beschichtung<\/p>","protected":false},"featured_media":483895,"template":"","meta":[],"product_brand":[],"product_cat":[4195,4209],"product_tag":[],"class_list":{"0":"post-483890","1":"product","2":"type-product","3":"status-publish","4":"has-post-thumbnail","6":"product_cat-rucksaecke-taschen","7":"product_cat-zubehoer","8":"pa_brand-clique","9":"pa_brand-type-sportswear","10":"pa_filter-color-blau","11":"pa_filter-color-rot","12":"pa_filter-color-schwarz","14":"first","15":"instock","16":"sale","17":"taxable","18":"shipping-taxable","19":"purchasable","20":"product-type-variable","21":"add-to-wishlist-before_image"},"exclude_global_add_ons":[],"addons":[],"acf":[],"_links":{"self":[{"href":"https:\/\/shop.kustom.ch\/en\/wp-json\/wp\/v2\/product\/483890"}],"collection":[{"href":"https:\/\/shop.kustom.ch\/en\/wp-json\/wp\/v2\/product"}],"about":[{"href":"https:\/\/shop.kustom.ch\/en\/wp-json\/wp\/v2\/types\/product"}],"wp:featuredmedia":[{"embeddable":true,"href":"https:\/\/shop.kustom.ch\/en\/wp-json\/wp\/v2\/media\/483895"}],"wp:attachment":[{"href":"https:\/\/shop.kustom.ch\/en\/wp-json\/wp\/v2\/media?parent=483890"}],"wp:term":[{"taxonomy":"product_brand","embeddable":true,"href":"https:\/\/shop.kustom.ch\/en\/wp-json\/wp\/v2\/product_brand?post=483890"},{"taxonomy":"product_cat","embeddable":true,"href":"https:\/\/shop.kustom.ch\/en\/wp-json\/wp\/v2\/product_cat?post=483890"},{"taxonomy":"product_tag","embeddable":true,"href":"https:\/\/shop.kustom.ch\/en\/wp-json\/wp\/v2\/product_tag?post=483890"}],"curies":[{"name":"wp","href":"https:\/\/api.w.org\/{rel}","templated":true}]}}