{"id":483685,"date":"2025-01-24T00:09:32","date_gmt":"2025-01-23T23:09:32","guid":{"rendered":"https:\/\/shop.kustom.ch\/?post_type=product&#038;p=483685"},"modified":"2026-03-31T13:18:54","modified_gmt":"2026-03-31T12:18:54","slug":"ambition-t","status":"publish","type":"product","link":"https:\/\/shop.kustom.ch\/en\/product\/ambition-t\/","title":{"rendered":"Ambition-T"},"content":{"rendered":"<p>T-shirt with a contrasting look for better visibility. The polyester content is made from recycled material. Contrast stitching and elastane in the ribbed collar. Reinforced neck tape and an easily removable label for rebranding.<\/p>\n<p>Material: 50% cotton, 50% recycled polyester<\/p>","protected":false},"excerpt":{"rendered":"<p>T-Shirt in kontrastierender Optik f\u00fcr bessere Sichtbarkeit. Der Polyesteranteil ist aus Recycling-Material. Kontrastn\u00e4hte und Elasthan im gerippten Kragen. Verst\u00e4rktes Nackenband und ein leicht abnehmbares Etikett f\u00fcr Rebranding. Material: 50% Baumwolle, 50% Recycling-Polyester<\/p>","protected":false},"featured_media":483718,"template":"","meta":[],"product_brand":[],"product_cat":[4201],"product_tag":[],"class_list":{"0":"post-483685","1":"product","2":"type-product","3":"status-publish","4":"has-post-thumbnail","6":"product_cat-t-shirts","7":"pa_brand-clique","8":"pa_brand-type-sportswear","9":"pa_filter-color-gelb","10":"pa_filter-color-orange","11":"pa_filter-color-schwarz","13":"first","14":"instock","15":"sale","16":"taxable","17":"shipping-taxable","18":"purchasable","19":"product-type-variable","20":"add-to-wishlist-before_image"},"exclude_global_add_ons":[],"addons":[],"acf":[],"_links":{"self":[{"href":"https:\/\/shop.kustom.ch\/en\/wp-json\/wp\/v2\/product\/483685"}],"collection":[{"href":"https:\/\/shop.kustom.ch\/en\/wp-json\/wp\/v2\/product"}],"about":[{"href":"https:\/\/shop.kustom.ch\/en\/wp-json\/wp\/v2\/types\/product"}],"wp:featuredmedia":[{"embeddable":true,"href":"https:\/\/shop.kustom.ch\/en\/wp-json\/wp\/v2\/media\/483718"}],"wp:attachment":[{"href":"https:\/\/shop.kustom.ch\/en\/wp-json\/wp\/v2\/media?parent=483685"}],"wp:term":[{"taxonomy":"product_brand","embeddable":true,"href":"https:\/\/shop.kustom.ch\/en\/wp-json\/wp\/v2\/product_brand?post=483685"},{"taxonomy":"product_cat","embeddable":true,"href":"https:\/\/shop.kustom.ch\/en\/wp-json\/wp\/v2\/product_cat?post=483685"},{"taxonomy":"product_tag","embeddable":true,"href":"https:\/\/shop.kustom.ch\/en\/wp-json\/wp\/v2\/product_tag?post=483685"}],"curies":[{"name":"wp","href":"https:\/\/api.w.org\/{rel}","templated":true}]}}