{"id":483617,"date":"2025-01-24T00:09:20","date_gmt":"2025-01-23T23:09:20","guid":{"rendered":"https:\/\/shop.kustom.ch\/?post_type=product&#038;p=483617"},"modified":"2026-03-31T13:19:06","modified_gmt":"2026-03-31T12:19:06","slug":"ambition-half-zip","status":"publish","type":"product","link":"https:\/\/shop.kustom.ch\/en\/product\/ambition-half-zip\/","title":{"rendered":"Ambition Half Zip"},"content":{"rendered":"<p>Unisex sweatshirt with half-length zip in a contrasting look for better visibility. Made from recycled polyester that feels like cotton. One concealed side pocket with zip. Cuffs and ribbed waistband. With an easily removable label for rebranding.<\/p>\n<p>Material: 100% recycled polyester<\/p>","protected":false},"excerpt":{"rendered":"<p>Unisex-Sweatshirt mit halblangem Reissverschluss in kontrastierender Optik f\u00fcr bessere Sichtbarkeit. Hergestellt aus Recycling-Polyester, der sich wie Baumwolle anf\u00fchlt. Eine verborgene Seitentasche mit Reissverschluss. \u00c4rmelb\u00fcndchen und gerippter Bund. Mit einer leicht abnehmbarer Etikette f\u00fcr Rebranding. Material: 100% Recycling-Polyester<\/p>","protected":false},"featured_media":483655,"template":"","meta":[],"product_brand":[],"product_cat":[4191],"product_tag":[],"class_list":{"0":"post-483617","1":"product","2":"type-product","3":"status-publish","4":"has-post-thumbnail","6":"product_cat-longsleeves-sweatshirts","7":"pa_brand-clique","8":"pa_brand-type-sportswear","9":"pa_filter-color-gelb","10":"pa_filter-color-orange","11":"pa_filter-color-schwarz","13":"first","14":"instock","15":"sale","16":"taxable","17":"shipping-taxable","18":"purchasable","19":"product-type-variable","20":"add-to-wishlist-before_image"},"exclude_global_add_ons":[],"addons":[],"acf":[],"_links":{"self":[{"href":"https:\/\/shop.kustom.ch\/en\/wp-json\/wp\/v2\/product\/483617"}],"collection":[{"href":"https:\/\/shop.kustom.ch\/en\/wp-json\/wp\/v2\/product"}],"about":[{"href":"https:\/\/shop.kustom.ch\/en\/wp-json\/wp\/v2\/types\/product"}],"wp:featuredmedia":[{"embeddable":true,"href":"https:\/\/shop.kustom.ch\/en\/wp-json\/wp\/v2\/media\/483655"}],"wp:attachment":[{"href":"https:\/\/shop.kustom.ch\/en\/wp-json\/wp\/v2\/media?parent=483617"}],"wp:term":[{"taxonomy":"product_brand","embeddable":true,"href":"https:\/\/shop.kustom.ch\/en\/wp-json\/wp\/v2\/product_brand?post=483617"},{"taxonomy":"product_cat","embeddable":true,"href":"https:\/\/shop.kustom.ch\/en\/wp-json\/wp\/v2\/product_cat?post=483617"},{"taxonomy":"product_tag","embeddable":true,"href":"https:\/\/shop.kustom.ch\/en\/wp-json\/wp\/v2\/product_tag?post=483617"}],"curies":[{"name":"wp","href":"https:\/\/api.w.org\/{rel}","templated":true}]}}