{"id":483551,"date":"2025-01-24T00:09:03","date_gmt":"2025-01-23T23:09:03","guid":{"rendered":"https:\/\/shop.kustom.ch\/?post_type=product&#038;p=483551"},"modified":"2026-03-31T13:19:09","modified_gmt":"2026-03-31T12:19:09","slug":"amarillo","status":"publish","type":"product","link":"https:\/\/shop.kustom.ch\/en\/product\/amarillo\/","title":{"rendered":"Amarillo"},"content":{"rendered":"<p>Modisches Polo Shirt mit Kontraststreifen an Kragen und \u00c4rmelb\u00fcndchen, Seitenschlitze, Ton-in-Ton Knopfleiste.<\/p>\n<p>Material: 100% gek\u00e4mmte Baumwolle (Graumeliert [95]: 85% Baumwolle, 15% Viskose)<\/p>\n","protected":false},"excerpt":{"rendered":"<p>Modisches Polo Shirt mit Kontraststreifen an Kragen und \u00c4rmelb\u00fcndchen, Seitenschlitze, Ton-in-Ton Knopfleiste. Material: 100% gek\u00e4mmte Baumwolle (Graumeliert [95]: 85% Baumwolle, 15% Viskose)<\/p>\n","protected":false},"featured_media":483584,"template":"","meta":[],"product_brand":[],"product_cat":[4193],"product_tag":[],"class_list":{"0":"post-483551","1":"product","2":"type-product","3":"status-publish","4":"has-post-thumbnail","6":"product_cat-polos","7":"pa_brand-clique","8":"pa_brand-type-sportswear","9":"pa_filter-color-blau","10":"pa_filter-color-grau","11":"pa_filter-color-gruen","12":"pa_filter-color-rot","13":"pa_filter-color-schwarz","14":"pa_filter-color-weiss","16":"first","17":"instock","18":"sale","19":"taxable","20":"shipping-taxable","21":"purchasable","22":"product-type-variable","23":"add-to-wishlist-before_image"},"exclude_global_add_ons":[],"addons":[],"acf":[],"_links":{"self":[{"href":"https:\/\/shop.kustom.ch\/en\/wp-json\/wp\/v2\/product\/483551"}],"collection":[{"href":"https:\/\/shop.kustom.ch\/en\/wp-json\/wp\/v2\/product"}],"about":[{"href":"https:\/\/shop.kustom.ch\/en\/wp-json\/wp\/v2\/types\/product"}],"wp:featuredmedia":[{"embeddable":true,"href":"https:\/\/shop.kustom.ch\/en\/wp-json\/wp\/v2\/media\/483584"}],"wp:attachment":[{"href":"https:\/\/shop.kustom.ch\/en\/wp-json\/wp\/v2\/media?parent=483551"}],"wp:term":[{"taxonomy":"product_brand","embeddable":true,"href":"https:\/\/shop.kustom.ch\/en\/wp-json\/wp\/v2\/product_brand?post=483551"},{"taxonomy":"product_cat","embeddable":true,"href":"https:\/\/shop.kustom.ch\/en\/wp-json\/wp\/v2\/product_cat?post=483551"},{"taxonomy":"product_tag","embeddable":true,"href":"https:\/\/shop.kustom.ch\/en\/wp-json\/wp\/v2\/product_tag?post=483551"}],"curies":[{"name":"wp","href":"https:\/\/api.w.org\/{rel}","templated":true}]}}