{"id":483482,"date":"2025-01-24T00:08:10","date_gmt":"2025-01-23T23:08:10","guid":{"rendered":"https:\/\/shop.kustom.ch\/?post_type=product&#038;p=483482"},"modified":"2026-03-31T13:14:44","modified_gmt":"2026-03-31T12:14:44","slug":"2-0-travel-bag-small","status":"publish","type":"product","link":"https:\/\/shop.kustom.ch\/en\/product\/2-0-travel-bag-small\/","title":{"rendered":"2.0 Travel Bag Small"},"content":{"rendered":"<p>Small, perfect travel bag for a weekend getaway. The U-shaped zip for the main compartment makes packing quick and easy. Hanging pocket with zip and snap hook for the key ring inside. Robust, detachable shoulder strap with padded shoulder element with opening for business cards. The two handles with padded Velcro fastener can be fixed over the bag. Pocket on each side, shoe\/laundry compartment and a mesh pocket. One pocket with zip at the back and one at the front. Dimensions and volume: 46 x 25 x 25 cm - 29 litres<\/p>\n<p>Material: 100% polyester shantung pongee with PU coating<\/p>","protected":false},"excerpt":{"rendered":"<p>Kleine, perfekte Reisetasche f\u00fcr den Wochenendausflug. Der U-Reissverschluss f\u00fcr das Hauptfach erlaubt ein einfaches und schnelles Packen. H\u00e4ngetasche mit Reissverschluss und Karabinerhaken f\u00fcr den Schl\u00fcsselbund im Innern. Robuster, abnehmbarer Schulterriemen mit Schulter-Polsterelement mit \u00d6ffnung f\u00fcr Visitenkarten. Die beiden Griffe mit gepolstertem Klettverschluss sind \u00fcber der Tasche fixierbar. Tasche auf jeder Seite, Schuh-\/W\u00e4schefach und eine Meshtasche. [&hellip;]<\/p>\n","protected":false},"featured_media":483517,"template":"","meta":[],"product_brand":[],"product_cat":[4195,4209],"product_tag":[],"class_list":{"0":"post-483482","1":"product","2":"type-product","3":"status-publish","4":"has-post-thumbnail","6":"product_cat-rucksaecke-taschen","7":"product_cat-zubehoer","8":"pa_brand-clique","9":"pa_brand-type-sportswear","10":"pa_filter-color-schwarz","12":"first","13":"instock","14":"sale","15":"taxable","16":"shipping-taxable","17":"purchasable","18":"product-type-variable","19":"add-to-wishlist-before_image"},"exclude_global_add_ons":[],"addons":[],"acf":[],"_links":{"self":[{"href":"https:\/\/shop.kustom.ch\/en\/wp-json\/wp\/v2\/product\/483482"}],"collection":[{"href":"https:\/\/shop.kustom.ch\/en\/wp-json\/wp\/v2\/product"}],"about":[{"href":"https:\/\/shop.kustom.ch\/en\/wp-json\/wp\/v2\/types\/product"}],"wp:featuredmedia":[{"embeddable":true,"href":"https:\/\/shop.kustom.ch\/en\/wp-json\/wp\/v2\/media\/483517"}],"wp:attachment":[{"href":"https:\/\/shop.kustom.ch\/en\/wp-json\/wp\/v2\/media?parent=483482"}],"wp:term":[{"taxonomy":"product_brand","embeddable":true,"href":"https:\/\/shop.kustom.ch\/en\/wp-json\/wp\/v2\/product_brand?post=483482"},{"taxonomy":"product_cat","embeddable":true,"href":"https:\/\/shop.kustom.ch\/en\/wp-json\/wp\/v2\/product_cat?post=483482"},{"taxonomy":"product_tag","embeddable":true,"href":"https:\/\/shop.kustom.ch\/en\/wp-json\/wp\/v2\/product_tag?post=483482"}],"curies":[{"name":"wp","href":"https:\/\/api.w.org\/{rel}","templated":true}]}}