{"id":483481,"date":"2025-01-24T00:08:09","date_gmt":"2025-01-23T23:08:09","guid":{"rendered":"https:\/\/shop.kustom.ch\/?post_type=product&#038;p=483481"},"modified":"2026-03-31T13:14:48","modified_gmt":"2026-03-31T12:14:48","slug":"2-0-travel-bag-medium","status":"publish","type":"product","link":"https:\/\/shop.kustom.ch\/en\/product\/2-0-travel-bag-medium\/","title":{"rendered":"2.0 Travel Bag Medium"},"content":{"rendered":"<p>Do you need a larger travel bag? Then this one is for you. The U-shaped zip for the main compartment makes packing quick and easy. Organiser pocket with zip and mesh pocket with carabiner for a bunch of keys inside. Robust, detachable shoulder strap with padded shoulder element with opening for business cards. The two handles with padded Velcro fastener can be fixed over the bag. Two additional side handles for easy lifting from all sides. One pocket on each side and a well-ventilated shoe\/laundry compartment. One pocket with zip at the back and one at the front. Dimensions and volume: 53 x 31 x 28 cm - 46L<\/p>\n<p>Material: 100% polyester shantung pongee with PU coating<\/p>","protected":false},"excerpt":{"rendered":"<p>Ben\u00f6tigen Sie eine gr\u00f6ssere Reisetasche? Dann ist diese hier f\u00fcr Sie. Der U-Reissverschluss f\u00fcr das Hauptfach erlaubt ein einfaches und schnelles Packen. Organisationstasche mit Reissverschluss und Meshtasche mit Karabinerhaken f\u00fcr den Schl\u00fcsselbund im Innern. Robuster, abnehmbarer Schulterriemen mit Schulter-Polsterelement mit \u00d6ffnung f\u00fcr Visitenkarten. Die beiden Griffe mit gepolstertem Klettverschluss sind \u00fcber der Tasche fixierbar. Zwei [&hellip;]<\/p>\n","protected":false},"featured_media":483515,"template":"","meta":[],"product_brand":[],"product_cat":[4195,4209],"product_tag":[],"class_list":{"0":"post-483481","1":"product","2":"type-product","3":"status-publish","4":"has-post-thumbnail","6":"product_cat-rucksaecke-taschen","7":"product_cat-zubehoer","8":"pa_brand-clique","9":"pa_brand-type-sportswear","10":"pa_filter-color-schwarz","12":"first","13":"instock","14":"sale","15":"taxable","16":"shipping-taxable","17":"purchasable","18":"product-type-variable","19":"add-to-wishlist-before_image"},"exclude_global_add_ons":[],"addons":[],"acf":[],"_links":{"self":[{"href":"https:\/\/shop.kustom.ch\/en\/wp-json\/wp\/v2\/product\/483481"}],"collection":[{"href":"https:\/\/shop.kustom.ch\/en\/wp-json\/wp\/v2\/product"}],"about":[{"href":"https:\/\/shop.kustom.ch\/en\/wp-json\/wp\/v2\/types\/product"}],"wp:featuredmedia":[{"embeddable":true,"href":"https:\/\/shop.kustom.ch\/en\/wp-json\/wp\/v2\/media\/483515"}],"wp:attachment":[{"href":"https:\/\/shop.kustom.ch\/en\/wp-json\/wp\/v2\/media?parent=483481"}],"wp:term":[{"taxonomy":"product_brand","embeddable":true,"href":"https:\/\/shop.kustom.ch\/en\/wp-json\/wp\/v2\/product_brand?post=483481"},{"taxonomy":"product_cat","embeddable":true,"href":"https:\/\/shop.kustom.ch\/en\/wp-json\/wp\/v2\/product_cat?post=483481"},{"taxonomy":"product_tag","embeddable":true,"href":"https:\/\/shop.kustom.ch\/en\/wp-json\/wp\/v2\/product_tag?post=483481"}],"curies":[{"name":"wp","href":"https:\/\/api.w.org\/{rel}","templated":true}]}}