{"id":483473,"date":"2025-01-24T00:08:09","date_gmt":"2025-01-23T23:08:09","guid":{"rendered":"https:\/\/shop.kustom.ch\/?post_type=product&#038;p=483473"},"modified":"2026-03-31T13:14:34","modified_gmt":"2026-03-31T12:14:34","slug":"2-0-backpack","status":"publish","type":"product","link":"https:\/\/shop.kustom.ch\/en\/product\/2-0-backpack\/","title":{"rendered":"2.0 Backpack"},"content":{"rendered":"<p>Functional rucksack with a sophisticated design. Suitable for almost any situation. Two large compartments separated by an inner notebook protection pocket. Second compartment with mesh organiser pockets and a carabiner for a bunch of keys. Easy-access top pocket and concealed back pocket for valuables. Durable back strap for attaching to the telescopic handle of a suitcase. Reflective elements for good visibility at night. Dimensions and volume: 41 x 31 x 20 cm - 28L<\/p>\n<p>Material: 100% polyester shantung pongee with PU coating<\/p>","protected":false},"excerpt":{"rendered":"<p>Funktionsrucksack mit ausgekl\u00fcgeltem Design. F\u00fcr fast jede Situation geeignet. Zwei grosse, durch eine innere Notebook-Schutztasche abgetrennte F\u00e4cher. Zweites Fach mit Mesh-Organisationstaschen und einem Karabinerhaken f\u00fcr den Schl\u00fcsselbund. Einfach zug\u00e4ngliche Tasche oben und verborgene R\u00fcckentasche f\u00fcr Wertgegenst\u00e4nde. Strapazierf\u00e4higer Riemen hinten zur Befestigung am Teleskopgriff eines Koffers. Reflektierende Elemente f\u00fcr gute Sichtbarkeit in der Nacht. Abmessungen und [&hellip;]<\/p>\n","protected":false},"featured_media":483497,"template":"","meta":[],"product_brand":[],"product_cat":[4195,4209],"product_tag":[],"class_list":{"0":"post-483473","1":"product","2":"type-product","3":"status-publish","4":"has-post-thumbnail","6":"product_cat-rucksaecke-taschen","7":"product_cat-zubehoer","8":"pa_brand-clique","9":"pa_brand-type-sportswear","10":"pa_filter-color-schwarz","12":"first","13":"instock","14":"sale","15":"taxable","16":"shipping-taxable","17":"purchasable","18":"product-type-variable","19":"add-to-wishlist-before_image"},"exclude_global_add_ons":[],"addons":[],"acf":[],"_links":{"self":[{"href":"https:\/\/shop.kustom.ch\/en\/wp-json\/wp\/v2\/product\/483473"}],"collection":[{"href":"https:\/\/shop.kustom.ch\/en\/wp-json\/wp\/v2\/product"}],"about":[{"href":"https:\/\/shop.kustom.ch\/en\/wp-json\/wp\/v2\/types\/product"}],"wp:featuredmedia":[{"embeddable":true,"href":"https:\/\/shop.kustom.ch\/en\/wp-json\/wp\/v2\/media\/483497"}],"wp:attachment":[{"href":"https:\/\/shop.kustom.ch\/en\/wp-json\/wp\/v2\/media?parent=483473"}],"wp:term":[{"taxonomy":"product_brand","embeddable":true,"href":"https:\/\/shop.kustom.ch\/en\/wp-json\/wp\/v2\/product_brand?post=483473"},{"taxonomy":"product_cat","embeddable":true,"href":"https:\/\/shop.kustom.ch\/en\/wp-json\/wp\/v2\/product_cat?post=483473"},{"taxonomy":"product_tag","embeddable":true,"href":"https:\/\/shop.kustom.ch\/en\/wp-json\/wp\/v2\/product_tag?post=483473"}],"curies":[{"name":"wp","href":"https:\/\/api.w.org\/{rel}","templated":true}]}}