{"id":482172,"date":"2024-11-25T10:12:20","date_gmt":"2024-11-25T09:12:20","guid":{"rendered":"https:\/\/shop.kustom.ch\/?post_type=product&#038;p=482172"},"modified":"2026-03-27T13:47:45","modified_gmt":"2026-03-27T12:47:45","slug":"evolve-2-0-structured-jersey-m","status":"publish","type":"product","link":"https:\/\/shop.kustom.ch\/en\/product\/evolve-2-0-structured-jersey-m\/","title":{"rendered":"Evolve 2.0 Structured Jersey M"},"content":{"rendered":"<p>The Evolve 2.0 Structured Indoor Jersey is an improved competition jersey that ensures excellent moisture transport for maximum performance. The jersey is made from a lightweight, stretchy and durable fabric, making it ideal for handball and similar hard and intense contact sports. To reduce the ecological footprint, the fabric is made from recycled polyester.<\/p>\n<p>- Lightweight, stretchy and durable jersey fabric made from recycled polyester<br \/>\n- Ideal for handball and intensive contact sports<br \/>\n- Normal fit<\/p>\n<p>Material: 100% recycled polyester<\/p>","protected":false},"excerpt":{"rendered":"<p>Das Evolve 2.0 Structured Indoor Jersey ist ein verbessertes Wettkampf-Trikot, das einen hervorragenden Feuchtigkeitstransport f\u00fcr maximale Leistung gew\u00e4hrleistet. Das Trikot besteht aus einem leichten, dehnbaren und strapazierf\u00e4higen Stoff, wodurch es sich hervorragend f\u00fcr Handball und \u00e4hnlich harte und intensive Kontaktsportarten eignet. Um den \u00f6kologischen Fussabdruck zu verringern, wird der Stoff aus recyceltem Polyester hergestellt. \u2022 [&hellip;]<\/p>\n","protected":false},"featured_media":482221,"template":"","meta":[],"product_brand":[],"product_cat":[4201],"product_tag":[],"class_list":{"0":"post-482172","1":"product","2":"type-product","3":"status-publish","4":"has-post-thumbnail","6":"product_cat-t-shirts","7":"pa_brand-craft-teamwear","8":"pa_brand-type-sportswear","9":"pa_filter-color-blau","10":"pa_filter-color-gruen","11":"pa_filter-color-orange","12":"pa_filter-color-rot","13":"pa_filter-color-schwarz","14":"pa_filter-color-weiss","16":"first","17":"instock","18":"sale","19":"taxable","20":"shipping-taxable","21":"purchasable","22":"product-type-variable","23":"add-to-wishlist-before_image"},"exclude_global_add_ons":[],"addons":[],"acf":[],"_links":{"self":[{"href":"https:\/\/shop.kustom.ch\/en\/wp-json\/wp\/v2\/product\/482172"}],"collection":[{"href":"https:\/\/shop.kustom.ch\/en\/wp-json\/wp\/v2\/product"}],"about":[{"href":"https:\/\/shop.kustom.ch\/en\/wp-json\/wp\/v2\/types\/product"}],"wp:featuredmedia":[{"embeddable":true,"href":"https:\/\/shop.kustom.ch\/en\/wp-json\/wp\/v2\/media\/482221"}],"wp:attachment":[{"href":"https:\/\/shop.kustom.ch\/en\/wp-json\/wp\/v2\/media?parent=482172"}],"wp:term":[{"taxonomy":"product_brand","embeddable":true,"href":"https:\/\/shop.kustom.ch\/en\/wp-json\/wp\/v2\/product_brand?post=482172"},{"taxonomy":"product_cat","embeddable":true,"href":"https:\/\/shop.kustom.ch\/en\/wp-json\/wp\/v2\/product_cat?post=482172"},{"taxonomy":"product_tag","embeddable":true,"href":"https:\/\/shop.kustom.ch\/en\/wp-json\/wp\/v2\/product_tag?post=482172"}],"curies":[{"name":"wp","href":"https:\/\/api.w.org\/{rel}","templated":true}]}}