{"id":481656,"date":"2024-11-25T10:03:06","date_gmt":"2024-11-25T09:03:06","guid":{"rendered":"https:\/\/shop.kustom.ch\/?post_type=product&#038;p=481656"},"modified":"2026-04-16T09:51:49","modified_gmt":"2026-04-16T08:51:49","slug":"adv-urban-lt-padded-overshirt","status":"publish","type":"product","link":"https:\/\/shop.kustom.ch\/en\/product\/adv-urban-lt-padded-overshirt\/","title":{"rendered":"ADV Urban Lt Padded Overshirt"},"content":{"rendered":"<p>The ADV Urban Light Padded Overshirt is a lightly insulated garment that seamlessly combines streetwear aesthetics with functionality, making it suitable for a wide range of occasions.<\/p>\n<p>This stylish overshirt combines a water-repellent outer fabric with lightweight polyester padding. The result is a versatile garment that provides just enough warmth without feeling bulky, so you can wear it over a T-shirt or under a heavier jacket when the temperatures drop. The overshirt also features a button-down front, shirt collar, two zipped side pockets and a zipped chest pocket.<\/p>\n<p>\u2022 Water-repellent outer material made from recycled polyamide<br \/>\n\u2022 Lightweight polyester insulation in the torso (80 g\/m\u00b2)<br \/>\n\u2022 Front fastens with press studs<br \/>\n- Two side zip pockets<br \/>\n\u2022 Zipped breast pocket on the left breast<br \/>\n\u2022 Shirt collar<br \/>\n\u2022 Slit and press stud fastening at the sleeve ends<br \/>\n- Normal fit<\/p>\n<p>Material: Body: 100% recycled polyamide. Lining: 90% recycled polyester, 10% elastane<\/p>","protected":false},"excerpt":{"rendered":"<p>Das ADV Urban Light Padded Overshirt ist ein leicht isoliertes Kleidungsst\u00fcck, das Streetwear-\u00c4sthetik sowie Funktionalit\u00e4t nahtlos miteinander verbindet und somit f\u00fcr eine Vielzahl von Anl\u00e4ssen geeignet ist. Dieses stylische Overshirt kombiniert ein wasserabweisendes Aussenmaterial mit einer leichten Polyesterwattierung. Das Ergebnis ist ein vielseitiges Kleidungsst\u00fcck, das gerade genug W\u00e4rme bietet, ohne sich sperrig anzuf\u00fchlen, sodass Sie [&hellip;]<\/p>\n","protected":false},"featured_media":481702,"template":"","meta":[],"product_brand":[],"product_cat":[4186],"product_tag":[],"class_list":{"0":"post-481656","1":"product","2":"type-product","3":"status-publish","4":"has-post-thumbnail","6":"product_cat-jacken","7":"pa_brand-craft-retail-sportswear","8":"pa_brand-type-sportswear","9":"pa_filter-color-gruen","10":"pa_filter-color-schwarz","12":"first","13":"instock","14":"sale","15":"taxable","16":"shipping-taxable","17":"purchasable","18":"product-type-variable","19":"add-to-wishlist-before_image"},"exclude_global_add_ons":[],"addons":[],"acf":[],"_links":{"self":[{"href":"https:\/\/shop.kustom.ch\/en\/wp-json\/wp\/v2\/product\/481656"}],"collection":[{"href":"https:\/\/shop.kustom.ch\/en\/wp-json\/wp\/v2\/product"}],"about":[{"href":"https:\/\/shop.kustom.ch\/en\/wp-json\/wp\/v2\/types\/product"}],"wp:featuredmedia":[{"embeddable":true,"href":"https:\/\/shop.kustom.ch\/en\/wp-json\/wp\/v2\/media\/481702"}],"wp:attachment":[{"href":"https:\/\/shop.kustom.ch\/en\/wp-json\/wp\/v2\/media?parent=481656"}],"wp:term":[{"taxonomy":"product_brand","embeddable":true,"href":"https:\/\/shop.kustom.ch\/en\/wp-json\/wp\/v2\/product_brand?post=481656"},{"taxonomy":"product_cat","embeddable":true,"href":"https:\/\/shop.kustom.ch\/en\/wp-json\/wp\/v2\/product_cat?post=481656"},{"taxonomy":"product_tag","embeddable":true,"href":"https:\/\/shop.kustom.ch\/en\/wp-json\/wp\/v2\/product_tag?post=481656"}],"curies":[{"name":"wp","href":"https:\/\/api.w.org\/{rel}","templated":true}]}}