{"id":481473,"date":"2024-11-25T09:59:59","date_gmt":"2024-11-25T08:59:59","guid":{"rendered":"https:\/\/shop.kustom.ch\/?post_type=product&#038;p=481473"},"modified":"2026-04-16T10:12:32","modified_gmt":"2026-04-16T09:12:32","slug":"community-2-0-tee-jr","status":"publish","type":"product","link":"https:\/\/shop.kustom.ch\/en\/product\/community-2-0-tee-jr\/","title":{"rendered":"Community 2.0 Tee JR"},"content":{"rendered":"<p>The Community 2.0 Tee is an extremely comfortable T-shirt for everyday activities. This versatile garment is made from a soft blend of organic cotton and recycled polyester and ensures a comfortable feel and efficient moisture transport, which has a positive effect on team spirit. The T-shirt stands out with its clear design and offers plenty of space for emblems and sponsor logos.<\/p>\n<p>- Soft fabric made from organic cotton and recycled polyester<br \/>\n- Round neck<br \/>\n- Embroidered Craft logo on the sleeve<br \/>\n- Clear design for coats of arms and logos<br \/>\n- Normal fit<\/p>\n<p>Material: 60% cotton, 40% recycled polyester<\/p>","protected":false},"excerpt":{"rendered":"<p>Das Community 2.0 Tee ist ein \u00e4usserst bequemes T-Shirt f\u00fcr allt\u00e4gliche Aktivit\u00e4ten. Dieses vielseitige Kleidungsst\u00fcck besteht aus einer weichen Mischung aus Bio-Baumwolle und recyceltem Polyester und sorgt f\u00fcr ein angenehmes Tragegef\u00fchl sowie einen effizienten Feuchtigkeitstransport, was sich positiv auf den Teamgeist auswirkt. Das T-Shirt besticht durch sein klares Design und bietet ausreichend Platz f\u00fcr Wappen [&hellip;]<\/p>\n","protected":false},"featured_media":481527,"template":"","meta":[],"product_brand":[],"product_cat":[4201],"product_tag":[],"class_list":{"0":"post-481473","1":"product","2":"type-product","3":"status-publish","4":"has-post-thumbnail","6":"product_cat-t-shirts","7":"pa_brand-craft-teamwear","8":"pa_brand-type-sportswear","9":"pa_filter-color-blau","10":"pa_filter-color-grau","11":"pa_filter-color-gruen","12":"pa_filter-color-rot","13":"pa_filter-color-schwarz","14":"pa_filter-color-weiss","16":"first","17":"instock","18":"sale","19":"taxable","20":"shipping-taxable","21":"purchasable","22":"product-type-variable","23":"add-to-wishlist-before_image"},"exclude_global_add_ons":[],"addons":[],"acf":[],"_links":{"self":[{"href":"https:\/\/shop.kustom.ch\/en\/wp-json\/wp\/v2\/product\/481473"}],"collection":[{"href":"https:\/\/shop.kustom.ch\/en\/wp-json\/wp\/v2\/product"}],"about":[{"href":"https:\/\/shop.kustom.ch\/en\/wp-json\/wp\/v2\/types\/product"}],"wp:featuredmedia":[{"embeddable":true,"href":"https:\/\/shop.kustom.ch\/en\/wp-json\/wp\/v2\/media\/481527"}],"wp:attachment":[{"href":"https:\/\/shop.kustom.ch\/en\/wp-json\/wp\/v2\/media?parent=481473"}],"wp:term":[{"taxonomy":"product_brand","embeddable":true,"href":"https:\/\/shop.kustom.ch\/en\/wp-json\/wp\/v2\/product_brand?post=481473"},{"taxonomy":"product_cat","embeddable":true,"href":"https:\/\/shop.kustom.ch\/en\/wp-json\/wp\/v2\/product_cat?post=481473"},{"taxonomy":"product_tag","embeddable":true,"href":"https:\/\/shop.kustom.ch\/en\/wp-json\/wp\/v2\/product_tag?post=481473"}],"curies":[{"name":"wp","href":"https:\/\/api.w.org\/{rel}","templated":true}]}}