{"id":480675,"date":"2024-11-25T09:43:16","date_gmt":"2024-11-25T08:43:16","guid":{"rendered":"https:\/\/shop.kustom.ch\/?post_type=product&#038;p=480675"},"modified":"2026-04-16T09:55:05","modified_gmt":"2026-04-16T08:55:05","slug":"adv-explore-lt-down-hybrid-jkt-m","status":"publish","type":"product","link":"https:\/\/shop.kustom.ch\/en\/product\/adv-explore-lt-down-hybrid-jkt-m\/","title":{"rendered":"ADV Explore Lt. Down Hybrid Jkt M"},"content":{"rendered":"<p>The ADV Explore Light Down Hybrid Jacket is a warm and versatile hybrid jacket that is perfect as an outer layer in milder temperatures or as a mid-layer under a shell jacket in colder conditions. <\/p>\n<p>This insulating hybrid jacket combines lightweight 90\/10 down insulation on the upper body with brushed power fleece on the sleeves, sides and lower body. The result is a versatile jacket that offers excellent warmth, efficient moisture transport and optimum freedom of movement during intense physical activity in cold conditions. The hybrid jacket also features a slightly longer back for improved protection and two side zip pockets for safe and practical storage of keys, phone, energy bars, etc.<\/p>\n<p>- Water-repellent ripstop outer material made from recycled polyester on the upper body and hood<br \/>\n- Thin, lightweight 90\/10 down insulation on the upper body and hood<br \/>\n- Brushed power fleece material on sleeves, sides and lower body<br \/>\n- Slightly sloping back<br \/>\n- Two side pockets with zip<br \/>\n- Normal fit<\/p>\n<p>Material: Upper body: 100% recycled polyamide. Lower body: 94% recycled polyester, 6% elastane. Filling: 10% feathers, 90% down<\/p>","protected":false},"excerpt":{"rendered":"<p>Das ADV Explore Light Down Hybrid Jacket ist eine warme und vielseitige Hybridjacke, die sich perfekt als Aussenschicht bei milderen Temperaturen oder als mittlere Schicht unter einer Shell-Jacke bei k\u00e4lteren Bedingungen eignet. Diese isolierende Hybridjacke kombiniert eine leichte 90\/10-Daunenisolierung am Oberk\u00f6rper mit geb\u00fcrstetem Powerfleece an \u00c4rmeln, Seiten und Unterk\u00f6rper. Das Ergebnis ist eine vielseitige Jacke, [&hellip;]<\/p>\n","protected":false},"featured_media":480737,"template":"","meta":[],"product_brand":[],"product_cat":[4186],"product_tag":[],"class_list":{"0":"post-480675","1":"product","2":"type-product","3":"status-publish","4":"has-post-thumbnail","6":"product_cat-jacken","7":"pa_brand-craft-retail-sportswear","8":"pa_brand-type-sportswear","9":"pa_filter-color-gruen","10":"pa_filter-color-schwarz","12":"first","13":"instock","14":"sale","15":"taxable","16":"shipping-taxable","17":"purchasable","18":"product-type-variable","19":"add-to-wishlist-before_image"},"exclude_global_add_ons":[],"addons":[],"acf":[],"_links":{"self":[{"href":"https:\/\/shop.kustom.ch\/en\/wp-json\/wp\/v2\/product\/480675"}],"collection":[{"href":"https:\/\/shop.kustom.ch\/en\/wp-json\/wp\/v2\/product"}],"about":[{"href":"https:\/\/shop.kustom.ch\/en\/wp-json\/wp\/v2\/types\/product"}],"wp:featuredmedia":[{"embeddable":true,"href":"https:\/\/shop.kustom.ch\/en\/wp-json\/wp\/v2\/media\/480737"}],"wp:attachment":[{"href":"https:\/\/shop.kustom.ch\/en\/wp-json\/wp\/v2\/media?parent=480675"}],"wp:term":[{"taxonomy":"product_brand","embeddable":true,"href":"https:\/\/shop.kustom.ch\/en\/wp-json\/wp\/v2\/product_brand?post=480675"},{"taxonomy":"product_cat","embeddable":true,"href":"https:\/\/shop.kustom.ch\/en\/wp-json\/wp\/v2\/product_cat?post=480675"},{"taxonomy":"product_tag","embeddable":true,"href":"https:\/\/shop.kustom.ch\/en\/wp-json\/wp\/v2\/product_tag?post=480675"}],"curies":[{"name":"wp","href":"https:\/\/api.w.org\/{rel}","templated":true}]}}