{"id":480423,"date":"2024-11-25T09:38:34","date_gmt":"2024-11-25T08:38:34","guid":{"rendered":"https:\/\/shop.kustom.ch\/?post_type=product&#038;p=480423"},"modified":"2026-03-27T15:58:21","modified_gmt":"2026-03-27T14:58:21","slug":"pure-trail-hydro-w","status":"publish","type":"product","link":"https:\/\/shop.kustom.ch\/en\/product\/pure-trail-hydro-w\/","title":{"rendered":"Pure Trail Hydro W"},"content":{"rendered":"<p>Pure Trail Hydro is a waterproof trail shoe designed for hiking and everyday use in wet and rough conditions. <\/p>\n<p>This durable shoe features a waterproof membrane in the upper that provides protection from mud and water, making it the ideal choice for a variety of everyday activities. It is equipped with a full-length Cr-Foam\u2122 midsole that provides excellent cushioning, stability and energy return while keeping weight to a minimum. The shoe stands for advanced simplicity and features an exposed rock plate for protection from rocks and greater stability under the midfoot and forefoot. In addition, the full traction outsole provides exceptional grip in demanding environments. In addition, the upper material is made of polyamide ripstop for excellent tear resistance and is reinforced with hard-wearing TPU in high-wear areas. A versatile must-have for any wardrobe.<\/p>\n<p>Cr Foam\u2122<br \/>\nCr Foam\u2122 is an ultra-lightweight midsole foam made from preferred materials that provides excellent energy return and a pillow-soft ride on a variety of terrain. The foam is manufactured using an advanced technology that involves a non-toxic process in which no chemicals are added to the raw materials. In addition, the elements are fully integrated under high temperature and pressure, enhancing the properties of the foam and achieving a higher level of performance. <\/p>\n<p>- Ripstop polyamide upper with waterproof membrane, made from 50 % recycled materials<br \/>\n- Cr-Foam\u2122 midsole - ultra-light, ultra-high rebound, supercritical process<br \/>\n- The hard-wearing rubber outsole with tread provides excellent traction and grip without adding weight<br \/>\n- Exposed rock plate under the midfoot and forefoot<br \/>\n- Shoelaces made from 100 % recycled material<br \/>\n- Relatively tight fit<br \/>\n\u2022 Gewicht: 316 g in Gr\u00f6sse UK5<br \/>\n- Heel 36 mm, forefoot 30 mm incl. insole<br \/>\n- Countersink 6 mm<\/p>\n<p>Material: Upper 92% Polyester,8% Polyurethane, Midsole 100% EVA Foam, Outsole 100% Rubber<\/p>","protected":false},"excerpt":{"rendered":"<p>Pure Trail Hydro ist ein wasserdichter Trailschuh, der zum Wandern und f\u00fcr den t\u00e4glichen Gebrauch unter nassen und rauen Bedingungen entwickelt wurde. Dieser strapazierf\u00e4hige Schuh verf\u00fcgt \u00fcber eine wasserdichte Membran im Obermaterial, die Schutz vor Schlamm und Wasser bietet und ihn zur idealen Wahl f\u00fcr eine Vielzahl von Alltagsaktivit\u00e4ten macht. Es ist mit einer durchgehenden [&hellip;]<\/p>\n","protected":false},"featured_media":706515,"template":"","meta":[],"product_brand":[],"product_cat":[4197],"product_tag":[],"class_list":{"0":"post-480423","1":"product","2":"type-product","3":"status-publish","4":"has-post-thumbnail","6":"product_cat-schuhe-sandalen","7":"pa_brand-craft","8":"pa_brand-type-sportswear","9":"pa_filter-color-schwarz","11":"first","12":"instock","13":"sale","14":"taxable","15":"shipping-taxable","16":"purchasable","17":"product-type-variable","18":"add-to-wishlist-before_image"},"exclude_global_add_ons":[],"addons":[],"acf":[],"_links":{"self":[{"href":"https:\/\/shop.kustom.ch\/en\/wp-json\/wp\/v2\/product\/480423"}],"collection":[{"href":"https:\/\/shop.kustom.ch\/en\/wp-json\/wp\/v2\/product"}],"about":[{"href":"https:\/\/shop.kustom.ch\/en\/wp-json\/wp\/v2\/types\/product"}],"wp:featuredmedia":[{"embeddable":true,"href":"https:\/\/shop.kustom.ch\/en\/wp-json\/wp\/v2\/media\/706515"}],"wp:attachment":[{"href":"https:\/\/shop.kustom.ch\/en\/wp-json\/wp\/v2\/media?parent=480423"}],"wp:term":[{"taxonomy":"product_brand","embeddable":true,"href":"https:\/\/shop.kustom.ch\/en\/wp-json\/wp\/v2\/product_brand?post=480423"},{"taxonomy":"product_cat","embeddable":true,"href":"https:\/\/shop.kustom.ch\/en\/wp-json\/wp\/v2\/product_cat?post=480423"},{"taxonomy":"product_tag","embeddable":true,"href":"https:\/\/shop.kustom.ch\/en\/wp-json\/wp\/v2\/product_tag?post=480423"}],"curies":[{"name":"wp","href":"https:\/\/api.w.org\/{rel}","templated":true}]}}