{"id":480332,"date":"2024-11-25T09:36:50","date_gmt":"2024-11-25T08:36:50","guid":{"rendered":"https:\/\/shop.kustom.ch\/?post_type=product&#038;p=480332"},"modified":"2026-03-27T16:02:17","modified_gmt":"2026-03-27T15:02:17","slug":"pure-trail-x-m","status":"publish","type":"product","link":"https:\/\/shop.kustom.ch\/en\/product\/pure-trail-x-m\/","title":{"rendered":"Pure Trail X M"},"content":{"rendered":"<p>Pure Trail X is a durable and stable trail running shoe designed for long-distance performance on a variety of terrain.<\/p>\n<p>This high-performance trail running shoe is equipped with a Cr Foam\u2122 midsole and offers exceptional cushioning, stability and explosive energy return while minimising weight. The shoe stands for advanced simplicity and features an exposed rock plate for protection from rocks and greater stability under the midfoot and forefoot. The high-traction outsole is designed for versatile off-road use, while the upper is made from polyester ripstop and reinforced with durable TPU in high-wear areas for excellent tear resistance.  This shoe is a true example of innovation and offers runners first-class performance and comfort.<\/p>\n<p>Cr Foam\u2122<br \/>\nCr Foam\u2122 is an ultra-lightweight midsole foam made from preferred materials that provides excellent energy return and a pillow-soft ride on a variety of terrain. The foam is manufactured using an advanced technology that involves a non-toxic process in which no chemicals are added to the raw materials. In addition, the elements are fully integrated under high temperature and pressure, enhancing the properties of the foam and achieving a higher level of performance. <\/p>\n<p>- Ripstop polyester upper made from 50 % recycled materials<br \/>\n- Cr-Foam\u2122 midsole - ultra-light, ultra-high rebound, supercritical process<br \/>\n- The hard-wearing rubber outsole with tread provides excellent traction and grip without adding weight<br \/>\n- Exposed rock plate under the midfoot and forefoot<br \/>\n- Shoelaces made from 100 % recycled material<br \/>\n- Weight: 336 g in size UK8<br \/>\n- Heel 36 mm, forefoot 30 mm incl. insole<br \/>\n- Countersink 6 mm<\/p>\n<p>Material: Midsole 100% EVA Foam, Outsole 100% Rubber, Upper 46% Recycled Polyester, 46% Polyester, 8% Polyurethane<\/p>","protected":false},"excerpt":{"rendered":"<p>Pure Trail X ist ein langlebiger und stabiler Trailrunning-Schuh, der f\u00fcr Langstreckenleistung auf unterschiedlichem Gel\u00e4nde konzipiert ist. Dieser leistungsstarke Trailrunning-Schuh ist mit einer Zwischensohle aus Cr Foam\u2122 ausgestattet und bietet aussergew\u00f6hnliche D\u00e4mpfung, Stabilit\u00e4t und explosive Energier\u00fcckgabe bei gleichzeitig minimalem Gewicht. Der Schuh steht f\u00fcr fortschrittliche Schlichtheit und verf\u00fcgt \u00fcber eine freiliegende Rock Plate zum Schutz [&hellip;]<\/p>\n","protected":false},"featured_media":705757,"template":"","meta":[],"product_brand":[],"product_cat":[4197],"product_tag":[],"class_list":{"0":"post-480332","1":"product","2":"type-product","3":"status-publish","4":"has-post-thumbnail","6":"product_cat-schuhe-sandalen","7":"pa_brand-craft","8":"pa_brand-type-sportswear","9":"pa_filter-color-blau","10":"pa_filter-color-braun","11":"pa_filter-color-grau","12":"pa_filter-color-gruen","13":"pa_filter-color-schwarz","15":"first","16":"instock","17":"sale","18":"taxable","19":"shipping-taxable","20":"purchasable","21":"product-type-variable","22":"add-to-wishlist-before_image"},"exclude_global_add_ons":[],"addons":[],"acf":[],"_links":{"self":[{"href":"https:\/\/shop.kustom.ch\/en\/wp-json\/wp\/v2\/product\/480332"}],"collection":[{"href":"https:\/\/shop.kustom.ch\/en\/wp-json\/wp\/v2\/product"}],"about":[{"href":"https:\/\/shop.kustom.ch\/en\/wp-json\/wp\/v2\/types\/product"}],"wp:featuredmedia":[{"embeddable":true,"href":"https:\/\/shop.kustom.ch\/en\/wp-json\/wp\/v2\/media\/705757"}],"wp:attachment":[{"href":"https:\/\/shop.kustom.ch\/en\/wp-json\/wp\/v2\/media?parent=480332"}],"wp:term":[{"taxonomy":"product_brand","embeddable":true,"href":"https:\/\/shop.kustom.ch\/en\/wp-json\/wp\/v2\/product_brand?post=480332"},{"taxonomy":"product_cat","embeddable":true,"href":"https:\/\/shop.kustom.ch\/en\/wp-json\/wp\/v2\/product_cat?post=480332"},{"taxonomy":"product_tag","embeddable":true,"href":"https:\/\/shop.kustom.ch\/en\/wp-json\/wp\/v2\/product_tag?post=480332"}],"curies":[{"name":"wp","href":"https:\/\/api.w.org\/{rel}","templated":true}]}}