{"id":480255,"date":"2024-11-25T09:35:28","date_gmt":"2024-11-25T08:35:28","guid":{"rendered":"https:\/\/shop.kustom.ch\/?post_type=product&#038;p=480255"},"modified":"2026-03-27T13:27:08","modified_gmt":"2026-03-27T12:27:08","slug":"pro-nordic-race-wind-tights-2-w","status":"publish","type":"product","link":"https:\/\/shop.kustom.ch\/en\/product\/pro-nordic-race-wind-tights-2-w\/","title":{"rendered":"PRO Nordic Race Wind Tights 2 W"},"content":{"rendered":"<p>The PRO Nordic Race Wind Tights 2 are high-quality ski tights designed for maximum performance at the highest level in cross-country skiing.<\/p>\n<p>These innovative Nordic ski tights are made from stretchy and highly functional 3-layer Ventair\u00ae fabric that provides excellent weather protection and efficient body heat regulation. These high-performance tights also feature a brushed jersey at the back for improved moisture transport, laser-cut ventilation, taped leg cuffs for a perfect fit and a zip at the leg ends for easy on and off.<\/p>\n<p>- 3-layer Ventair\u00ae wind and waterproof stretch fabric (WP 15,000\/MVP 10,000)<br \/>\n- Brushed jersey on the back for efficient moisture transport<br \/>\n- Laser-cut vents for heat regulation<br \/>\n- Elasticated waistband with drawstring<br \/>\n- Zip at the leg ends<br \/>\n- Taped leg ends for a perfect fit<\/p>\n<p>Material: Front: 100% recycled polyester. Centre: 100% polyurethane. Back: 100% polyester. Back body: 82% recycled polyester, 18% elastane<\/p>","protected":false},"excerpt":{"rendered":"<p>Die PRO Nordic Race Wind Tights 2 sind hochwertige Skitights, die f\u00fcr maximale Leistung auf h\u00f6chstem Niveau im Langlaufski konzipiert wurden. Diese innovativen nordischen Skitights bestehen aus elastischem und hochfunktionellem 3-Lagen-Ventair\u00ae-Gewebe, das einen ausgezeichneten Wetterschutz und eine effiziente K\u00f6rperw\u00e4rmeregulierung bietet. Zudem verf\u00fcgen diese leistungsstarken Tights \u00fcber ein geb\u00fcrstetes Jersey am R\u00fccken f\u00fcr verbesserten Feuchtigkeitstransport, laser-geschnittene [&hellip;]<\/p>\n","protected":false},"featured_media":480310,"template":"","meta":[],"product_brand":[],"product_cat":[4190],"product_tag":[],"class_list":{"0":"post-480255","1":"product","2":"type-product","3":"status-publish","4":"has-post-thumbnail","6":"product_cat-leggings","7":"pa_brand-craft-retail-sportswear","8":"pa_brand-type-sportswear","9":"pa_filter-color-schwarz","10":"pa_filter-color-weiss","12":"first","13":"instock","14":"sale","15":"taxable","16":"shipping-taxable","17":"purchasable","18":"product-type-variable","19":"add-to-wishlist-before_image"},"exclude_global_add_ons":[],"addons":[],"acf":[],"_links":{"self":[{"href":"https:\/\/shop.kustom.ch\/en\/wp-json\/wp\/v2\/product\/480255"}],"collection":[{"href":"https:\/\/shop.kustom.ch\/en\/wp-json\/wp\/v2\/product"}],"about":[{"href":"https:\/\/shop.kustom.ch\/en\/wp-json\/wp\/v2\/types\/product"}],"wp:featuredmedia":[{"embeddable":true,"href":"https:\/\/shop.kustom.ch\/en\/wp-json\/wp\/v2\/media\/480310"}],"wp:attachment":[{"href":"https:\/\/shop.kustom.ch\/en\/wp-json\/wp\/v2\/media?parent=480255"}],"wp:term":[{"taxonomy":"product_brand","embeddable":true,"href":"https:\/\/shop.kustom.ch\/en\/wp-json\/wp\/v2\/product_brand?post=480255"},{"taxonomy":"product_cat","embeddable":true,"href":"https:\/\/shop.kustom.ch\/en\/wp-json\/wp\/v2\/product_cat?post=480255"},{"taxonomy":"product_tag","embeddable":true,"href":"https:\/\/shop.kustom.ch\/en\/wp-json\/wp\/v2\/product_tag?post=480255"}],"curies":[{"name":"wp","href":"https:\/\/api.w.org\/{rel}","templated":true}]}}