{"id":479539,"date":"2024-11-25T09:22:27","date_gmt":"2024-11-25T08:22:27","guid":{"rendered":"https:\/\/shop.kustom.ch\/?post_type=product&#038;p=479539"},"modified":"2026-03-27T14:05:54","modified_gmt":"2026-03-27T13:05:54","slug":"progress-handball-gk-2-0-sweatpants-m","status":"publish","type":"product","link":"https:\/\/shop.kustom.ch\/en\/product\/progress-handball-gk-2-0-sweatpants-m\/","title":{"rendered":"Progress Handball GK 2.0 Sweatpants M"},"content":{"rendered":"<p>The Progress Handball GK 2.0 Sweatpants are improved handball goalkeeper trousers with a straight leg and loose fit for greater freedom of movement. The pants are made from a soft blend of organic cotton and recycled polyester, which ensures high comfort and efficient moisture transport. In addition, these performance-orientated goalkeeper shorts have no zips or pockets so that no fingers get caught in crucial game situations.<\/p>\n<p>- Soft fabric made from organic cotton and recycled polyester<br \/>\n- Straight legs<br \/>\n- No pockets or zips<br \/>\n- Clear design<br \/>\n- Loose fit<\/p>\n<p>Material: 70% organic cotton, 30% recycled polyester<\/p>","protected":false},"excerpt":{"rendered":"<p>Die Progress Handball GK 2.0 Sweatpants sind verbesserte Handball-Torwarthosen mit geradem Bein und lockerer Passform f\u00fcr mehr Bewegungsfreiheit. Die Hose besteht aus einer weichen Mischung aus Bio-Baumwolle und recyceltem Polyester, die hohen Tragekomfort und effizienten Feuchtigkeitstransport gew\u00e4hrleistet. Ausserdem hat diese leistungsorientierte Torwarthose keine Reissverschl\u00fcsse oder Taschen, damit in entscheidenden Spielsituationen keine Finger h\u00e4ngen bleiben. \u2022 [&hellip;]<\/p>\n","protected":false},"featured_media":479606,"template":"","meta":[],"product_brand":[],"product_cat":[4185],"product_tag":[],"class_list":{"0":"post-479539","1":"product","2":"type-product","3":"status-publish","4":"has-post-thumbnail","6":"product_cat-hosen","7":"pa_brand-craft-teamwear","8":"pa_brand-type-sportswear","9":"pa_filter-color-schwarz","11":"first","12":"instock","13":"sale","14":"taxable","15":"shipping-taxable","16":"purchasable","17":"product-type-variable","18":"add-to-wishlist-before_image"},"exclude_global_add_ons":[],"addons":[],"acf":[],"_links":{"self":[{"href":"https:\/\/shop.kustom.ch\/en\/wp-json\/wp\/v2\/product\/479539"}],"collection":[{"href":"https:\/\/shop.kustom.ch\/en\/wp-json\/wp\/v2\/product"}],"about":[{"href":"https:\/\/shop.kustom.ch\/en\/wp-json\/wp\/v2\/types\/product"}],"wp:featuredmedia":[{"embeddable":true,"href":"https:\/\/shop.kustom.ch\/en\/wp-json\/wp\/v2\/media\/479606"}],"wp:attachment":[{"href":"https:\/\/shop.kustom.ch\/en\/wp-json\/wp\/v2\/media?parent=479539"}],"wp:term":[{"taxonomy":"product_brand","embeddable":true,"href":"https:\/\/shop.kustom.ch\/en\/wp-json\/wp\/v2\/product_brand?post=479539"},{"taxonomy":"product_cat","embeddable":true,"href":"https:\/\/shop.kustom.ch\/en\/wp-json\/wp\/v2\/product_cat?post=479539"},{"taxonomy":"product_tag","embeddable":true,"href":"https:\/\/shop.kustom.ch\/en\/wp-json\/wp\/v2\/product_tag?post=479539"}],"curies":[{"name":"wp","href":"https:\/\/api.w.org\/{rel}","templated":true}]}}