{"id":478252,"date":"2024-11-25T08:59:37","date_gmt":"2024-11-25T07:59:37","guid":{"rendered":"https:\/\/shop.kustom.ch\/?post_type=product&#038;p=478252"},"modified":"2026-03-27T13:21:48","modified_gmt":"2026-03-27T12:21:48","slug":"rush-2-0-ss-tee-w","status":"publish","type":"product","link":"https:\/\/shop.kustom.ch\/en\/product\/rush-2-0-ss-tee-w\/","title":{"rendered":"Rush 2.0 SS Tee W"},"content":{"rendered":"<p>The Rush 2.0 SS Tee is a lightweight and functional training T-shirt that ensures efficient moisture transport and cooling for optimum comfort during athletics, gymnastics and similar activities. Made from recycled polyester, this garment is part of the new generation of sportswear with a reduced environmental footprint. The T-shirt has a clear design that is perfect for branding with club, sponsor or company logos. <\/p>\n<p>- Made from recycled polyester<br \/>\n- Functional and elasticated material<br \/>\n- Clear design<\/p>\n<p>Material: 100% recycled polyester<\/p>","protected":false},"excerpt":{"rendered":"<p>Das Rush 2.0 SS Tee ist ein leichtes und funktionelles Trainings-T-Shirt, das effizienten Feuchtigkeitstransport und K\u00fchlung f\u00fcr optimalen Komfort bei Leichtathletik, Gymnastik und \u00e4hnlichen Aktivit\u00e4ten gew\u00e4hrleistet. Dieses aus recyceltem Polyester gefertigte Kleidungsst\u00fcck geh\u00f6rt zur neuen Generation von Sportbekleidung mit einem geringeren \u00f6kologischen Fussabdruck. Das T-Shirt hat ein klares Design, das sich perfekt f\u00fcr das Branding [&hellip;]<\/p>\n","protected":false},"featured_media":478301,"template":"","meta":[],"product_brand":[],"product_cat":[4201],"product_tag":[],"class_list":{"0":"post-478252","1":"product","2":"type-product","3":"status-publish","4":"has-post-thumbnail","6":"product_cat-t-shirts","7":"pa_brand-craft-teamwear","8":"pa_brand-type-sportswear","9":"pa_filter-color-blau","10":"pa_filter-color-gruen","11":"pa_filter-color-rot","12":"pa_filter-color-schwarz","13":"pa_filter-color-weiss","15":"first","16":"instock","17":"sale","18":"taxable","19":"shipping-taxable","20":"purchasable","21":"product-type-variable","22":"add-to-wishlist-before_image"},"exclude_global_add_ons":[],"addons":[],"acf":[],"_links":{"self":[{"href":"https:\/\/shop.kustom.ch\/en\/wp-json\/wp\/v2\/product\/478252"}],"collection":[{"href":"https:\/\/shop.kustom.ch\/en\/wp-json\/wp\/v2\/product"}],"about":[{"href":"https:\/\/shop.kustom.ch\/en\/wp-json\/wp\/v2\/types\/product"}],"wp:featuredmedia":[{"embeddable":true,"href":"https:\/\/shop.kustom.ch\/en\/wp-json\/wp\/v2\/media\/478301"}],"wp:attachment":[{"href":"https:\/\/shop.kustom.ch\/en\/wp-json\/wp\/v2\/media?parent=478252"}],"wp:term":[{"taxonomy":"product_brand","embeddable":true,"href":"https:\/\/shop.kustom.ch\/en\/wp-json\/wp\/v2\/product_brand?post=478252"},{"taxonomy":"product_cat","embeddable":true,"href":"https:\/\/shop.kustom.ch\/en\/wp-json\/wp\/v2\/product_cat?post=478252"},{"taxonomy":"product_tag","embeddable":true,"href":"https:\/\/shop.kustom.ch\/en\/wp-json\/wp\/v2\/product_tag?post=478252"}],"curies":[{"name":"wp","href":"https:\/\/api.w.org\/{rel}","templated":true}]}}