{"id":478028,"date":"2024-11-25T08:53:35","date_gmt":"2024-11-25T07:53:35","guid":{"rendered":"https:\/\/shop.kustom.ch\/?post_type=product&#038;p=478028"},"modified":"2026-03-27T14:50:51","modified_gmt":"2026-03-27T13:50:51","slug":"pro-hypervent-tee-2-w","status":"publish","type":"product","link":"https:\/\/shop.kustom.ch\/en\/product\/pro-hypervent-tee-2-w\/","title":{"rendered":"PRO Hypervent Tee 2 W"},"content":{"rendered":"<p>Short-sleeved running shirt made from lightweight recycled polyester and elastane jersey with perforated sleeves and welded seams.<\/p>\n<p>Material: 91% recycled polyester, 9% elastane<\/p>","protected":false},"excerpt":{"rendered":"<p>Kurz\u00e4rmeliges Laufshirt aus leichtem Recycling-Polyester und Elasthan-Jersey mit perforierten \u00c4rmeln und verschweissten N\u00e4hten. Material: 91% Recycling-Polyester, 9% Elasthan<\/p>","protected":false},"featured_media":478087,"template":"","meta":[],"product_brand":[],"product_cat":[4201],"product_tag":[],"class_list":{"0":"post-478028","1":"product","2":"type-product","3":"status-publish","4":"has-post-thumbnail","6":"product_cat-t-shirts","7":"pa_brand-craft-retail-sportswear","8":"pa_brand-type-sportswear","10":"first","11":"instock","12":"sale","13":"taxable","14":"shipping-taxable","15":"purchasable","16":"product-type-variable","17":"add-to-wishlist-before_image"},"exclude_global_add_ons":[],"addons":[],"acf":[],"_links":{"self":[{"href":"https:\/\/shop.kustom.ch\/en\/wp-json\/wp\/v2\/product\/478028"}],"collection":[{"href":"https:\/\/shop.kustom.ch\/en\/wp-json\/wp\/v2\/product"}],"about":[{"href":"https:\/\/shop.kustom.ch\/en\/wp-json\/wp\/v2\/types\/product"}],"wp:featuredmedia":[{"embeddable":true,"href":"https:\/\/shop.kustom.ch\/en\/wp-json\/wp\/v2\/media\/478087"}],"wp:attachment":[{"href":"https:\/\/shop.kustom.ch\/en\/wp-json\/wp\/v2\/media?parent=478028"}],"wp:term":[{"taxonomy":"product_brand","embeddable":true,"href":"https:\/\/shop.kustom.ch\/en\/wp-json\/wp\/v2\/product_brand?post=478028"},{"taxonomy":"product_cat","embeddable":true,"href":"https:\/\/shop.kustom.ch\/en\/wp-json\/wp\/v2\/product_cat?post=478028"},{"taxonomy":"product_tag","embeddable":true,"href":"https:\/\/shop.kustom.ch\/en\/wp-json\/wp\/v2\/product_tag?post=478028"}],"curies":[{"name":"wp","href":"https:\/\/api.w.org\/{rel}","templated":true}]}}