{"id":477956,"date":"2024-11-25T08:52:17","date_gmt":"2024-11-25T07:52:17","guid":{"rendered":"https:\/\/shop.kustom.ch\/?post_type=product&#038;p=477956"},"modified":"2026-03-27T15:25:49","modified_gmt":"2026-03-27T14:25:49","slug":"pro-hypervent-tee-2-m","status":"publish","type":"product","link":"https:\/\/shop.kustom.ch\/en\/product\/pro-hypervent-tee-2-m\/","title":{"rendered":"PRO Hypervent Tee 2 M"},"content":{"rendered":"<p>Short-sleeved running shirt made from lightweight recycled polyester and elastane jersey with perforated sleeves and welded seams.<\/p>\n<p>Material: 91% recycled polyester, 9% elastane<\/p>","protected":false},"excerpt":{"rendered":"<p>Kurz\u00e4rmeliges Laufshirt aus leichtem Recycling-Polyester und Elasthan-Jersey mit perforierten \u00c4rmeln und verschweissten N\u00e4hten. Material: 91% Recycling-Polyester, 9% Elasthan<\/p>","protected":false},"featured_media":478010,"template":"","meta":[],"product_brand":[],"product_cat":[4201],"product_tag":[],"class_list":{"0":"post-477956","1":"product","2":"type-product","3":"status-publish","4":"has-post-thumbnail","6":"product_cat-t-shirts","7":"pa_brand-craft-retail-sportswear","8":"pa_brand-type-sportswear","9":"pa_filter-color-grau","11":"first","12":"instock","13":"sale","14":"taxable","15":"shipping-taxable","16":"purchasable","17":"product-type-variable","18":"add-to-wishlist-before_image"},"exclude_global_add_ons":[],"addons":[],"acf":[],"_links":{"self":[{"href":"https:\/\/shop.kustom.ch\/en\/wp-json\/wp\/v2\/product\/477956"}],"collection":[{"href":"https:\/\/shop.kustom.ch\/en\/wp-json\/wp\/v2\/product"}],"about":[{"href":"https:\/\/shop.kustom.ch\/en\/wp-json\/wp\/v2\/types\/product"}],"wp:featuredmedia":[{"embeddable":true,"href":"https:\/\/shop.kustom.ch\/en\/wp-json\/wp\/v2\/media\/478010"}],"wp:attachment":[{"href":"https:\/\/shop.kustom.ch\/en\/wp-json\/wp\/v2\/media?parent=477956"}],"wp:term":[{"taxonomy":"product_brand","embeddable":true,"href":"https:\/\/shop.kustom.ch\/en\/wp-json\/wp\/v2\/product_brand?post=477956"},{"taxonomy":"product_cat","embeddable":true,"href":"https:\/\/shop.kustom.ch\/en\/wp-json\/wp\/v2\/product_cat?post=477956"},{"taxonomy":"product_tag","embeddable":true,"href":"https:\/\/shop.kustom.ch\/en\/wp-json\/wp\/v2\/product_tag?post=477956"}],"curies":[{"name":"wp","href":"https:\/\/api.w.org\/{rel}","templated":true}]}}