{"id":477882,"date":"2024-11-25T08:50:58","date_gmt":"2024-11-25T07:50:58","guid":{"rendered":"https:\/\/shop.kustom.ch\/?post_type=product&#038;p=477882"},"modified":"2026-03-27T14:19:10","modified_gmt":"2026-03-27T13:19:10","slug":"adv-offroad-xt-shorts-with-pad-m","status":"publish","type":"product","link":"https:\/\/shop.kustom.ch\/en\/product\/adv-offroad-xt-shorts-with-pad-m\/","title":{"rendered":"ADV Offroad XT Shorts with Pad M"},"content":{"rendered":"<p>Durable shorts with a wide fit, elasticated inserts and perforated ventilation zones for intensive mountain and gravel biking. Detachable inner shorts with C4 pad, waistband with Velcro fastener and pocket with zip.<\/p>\n<p>Material: 35% recycled poylamide, 51% poylamide, 14% elastane<\/p>","protected":false},"excerpt":{"rendered":"<p>Strapazierf\u00e4hige Shorts mit weiter Passform, elastischen Eins\u00e4tzen und perforierten Ventilationszonen f\u00fcr intensives Mountain- und Gravelbiken. Abnehmbare Innenshorts mit C4 Pad, H\u00fcftbund mit Klettverschluss und Tasche mit Reissverschluss. Material: 35% Recycling-Poylamid, 51% Poylamid, 14% Elasthan<\/p>","protected":false},"featured_media":477931,"template":"","meta":[],"product_brand":[],"product_cat":[4198],"product_tag":[],"class_list":{"0":"post-477882","1":"product","2":"type-product","3":"status-publish","4":"has-post-thumbnail","6":"product_cat-shorts","7":"pa_brand-craft-retail-sportswear","8":"pa_brand-type-sportswear","9":"pa_filter-color-blau","11":"first","12":"instock","13":"sale","14":"taxable","15":"shipping-taxable","16":"purchasable","17":"product-type-variable","18":"add-to-wishlist-before_image"},"exclude_global_add_ons":[],"addons":[],"acf":[],"_links":{"self":[{"href":"https:\/\/shop.kustom.ch\/en\/wp-json\/wp\/v2\/product\/477882"}],"collection":[{"href":"https:\/\/shop.kustom.ch\/en\/wp-json\/wp\/v2\/product"}],"about":[{"href":"https:\/\/shop.kustom.ch\/en\/wp-json\/wp\/v2\/types\/product"}],"wp:featuredmedia":[{"embeddable":true,"href":"https:\/\/shop.kustom.ch\/en\/wp-json\/wp\/v2\/media\/477931"}],"wp:attachment":[{"href":"https:\/\/shop.kustom.ch\/en\/wp-json\/wp\/v2\/media?parent=477882"}],"wp:term":[{"taxonomy":"product_brand","embeddable":true,"href":"https:\/\/shop.kustom.ch\/en\/wp-json\/wp\/v2\/product_brand?post=477882"},{"taxonomy":"product_cat","embeddable":true,"href":"https:\/\/shop.kustom.ch\/en\/wp-json\/wp\/v2\/product_cat?post=477882"},{"taxonomy":"product_tag","embeddable":true,"href":"https:\/\/shop.kustom.ch\/en\/wp-json\/wp\/v2\/product_tag?post=477882"}],"curies":[{"name":"wp","href":"https:\/\/api.w.org\/{rel}","templated":true}]}}